{"id":23373,"date":"2023-02-05T20:57:13","date_gmt":"2023-02-05T19:57:13","guid":{"rendered":"https:\/\/alepposhop.eu\/mais-staerke\/"},"modified":"2023-02-05T20:58:22","modified_gmt":"2023-02-05T19:58:22","slug":"mais-staerke","status":"publish","type":"product","link":"https:\/\/alepposhop.eu\/de\/mais-staerke\/","title":{"rendered":"Mais st\u00e4rke"},"content":{"rendered":"<p style=\"text-align: center;\">Maisst\u00e4rke wird neben vielen anderen Anwendungen zur Zubereitung vieler verschiedener und vielf\u00e4ltiger Kochrezepte verwendet<\/p>\n<h2 style=\"text-align: center;\">maisst\u00e4rke, speisest\u00e4rke,st\u00e4rke<\/h2>\n<h2 style=\"text-align: center;\">Getreide<\/h2>\n<p style=\"text-align: center;\">st\u00e4rke<\/p>\n<p style=\"text-align: center;\">Aleppo Shop<\/p>\n<p style=\"text-align: center;\">maisst\u00e4rke<\/p>\n<p style=\"text-align: center;\">\n","protected":false},"excerpt":{"rendered":"<p>maisst\u00e4rke, speisest\u00e4rke,st\u00e4rke<\/p>\n","protected":false},"featured_media":23374,"template":"","meta":[],"product_brand":[],"product_cat":[4757],"product_tag":[4919,4920,4921],"class_list":{"0":"post-23373","1":"product","2":"type-product","3":"status-publish","4":"has-post-thumbnail","6":"product_cat-getreide","7":"product_tag-maisstaerke","8":"product_tag-speisestaerke","9":"product_tag-staerke","11":"first","12":"instock","13":"taxable","14":"shipping-taxable","15":"purchasable","16":"product-type-simple"},"_links":{"self":[{"href":"https:\/\/alepposhop.eu\/de\/wp-json\/wp\/v2\/product\/23373"}],"collection":[{"href":"https:\/\/alepposhop.eu\/de\/wp-json\/wp\/v2\/product"}],"about":[{"href":"https:\/\/alepposhop.eu\/de\/wp-json\/wp\/v2\/types\/product"}],"wp:featuredmedia":[{"embeddable":true,"href":"https:\/\/alepposhop.eu\/de\/wp-json\/wp\/v2\/media\/23374"}],"wp:attachment":[{"href":"https:\/\/alepposhop.eu\/de\/wp-json\/wp\/v2\/media?parent=23373"}],"wp:term":[{"taxonomy":"product_brand","embeddable":true,"href":"https:\/\/alepposhop.eu\/de\/wp-json\/wp\/v2\/product_brand?post=23373"},{"taxonomy":"product_cat","embeddable":true,"href":"https:\/\/alepposhop.eu\/de\/wp-json\/wp\/v2\/product_cat?post=23373"},{"taxonomy":"product_tag","embeddable":true,"href":"https:\/\/alepposhop.eu\/de\/wp-json\/wp\/v2\/product_tag?post=23373"}],"curies":[{"name":"wp","href":"https:\/\/api.w.org\/{rel}","templated":true}]}}