{"id":23377,"date":"2023-02-05T20:41:25","date_gmt":"2023-02-05T19:58:31","guid":{"rendered":"https:\/\/alepposhop.eu\/karbonate\/"},"modified":"2024-12-16T00:35:34","modified_gmt":"2024-12-15T23:35:34","slug":"karbonate","status":"publish","type":"product","link":"https:\/\/alepposhop.eu\/de\/karbonate\/","title":{"rendered":"Natriumbikarbonat"},"content":{"rendered":"<p style=\"text-align: center\">Gewicht: 100 g<\/p>\n<p style=\"text-align: center\">Natriumbikarbonat ist in der Lebensmittelindustrie weit verbreitet und wird insbesondere beim Aufgehen von Teig verwendet, wo Kohlendioxidgas freigesetzt wird und der Teig aufgeht. Natriumbikarbonat wird auch zur Beseitigung unangenehmer Ger\u00fcche eingesetzt. Es kann als Pestizid zur Bek\u00e4mpfung von Ameisen und sch\u00e4dlichen Insekten eingesetzt werden, die sich in H\u00e4usern, B\u00fcros und anderen Orten ausbreiten<\/p>\n<p style=\"text-align: center\">\n","protected":false},"excerpt":{"rendered":"<p>karbonat,backpulver<\/p>\n","protected":false},"featured_media":23076,"template":"","meta":[],"product_brand":[],"product_cat":[69],"product_tag":[],"class_list":{"0":"post-23377","1":"product","2":"type-product","3":"status-publish","4":"has-post-thumbnail","6":"product_cat-gewurze-und-wurzen","8":"first","9":"instock","10":"taxable","11":"shipping-taxable","12":"purchasable","13":"product-type-simple"},"_links":{"self":[{"href":"https:\/\/alepposhop.eu\/de\/wp-json\/wp\/v2\/product\/23377"}],"collection":[{"href":"https:\/\/alepposhop.eu\/de\/wp-json\/wp\/v2\/product"}],"about":[{"href":"https:\/\/alepposhop.eu\/de\/wp-json\/wp\/v2\/types\/product"}],"wp:featuredmedia":[{"embeddable":true,"href":"https:\/\/alepposhop.eu\/de\/wp-json\/wp\/v2\/media\/23076"}],"wp:attachment":[{"href":"https:\/\/alepposhop.eu\/de\/wp-json\/wp\/v2\/media?parent=23377"}],"wp:term":[{"taxonomy":"product_brand","embeddable":true,"href":"https:\/\/alepposhop.eu\/de\/wp-json\/wp\/v2\/product_brand?post=23377"},{"taxonomy":"product_cat","embeddable":true,"href":"https:\/\/alepposhop.eu\/de\/wp-json\/wp\/v2\/product_cat?post=23377"},{"taxonomy":"product_tag","embeddable":true,"href":"https:\/\/alepposhop.eu\/de\/wp-json\/wp\/v2\/product_tag?post=23377"}],"curies":[{"name":"wp","href":"https:\/\/api.w.org\/{rel}","templated":true}]}}