{"id":23389,"date":"2023-02-05T20:41:25","date_gmt":"2023-02-05T19:58:31","guid":{"rendered":"https:\/\/alepposhop.eu\/faerberdistel\/"},"modified":"2024-12-16T01:03:17","modified_gmt":"2024-12-16T00:03:17","slug":"faerberdistel","status":"publish","type":"product","link":"https:\/\/alepposhop.eu\/de\/faerberdistel\/","title":{"rendered":"F\u00e4rberdistel"},"content":{"rendered":"<p style=\"text-align: center\">Gewicht: 10g<\/p>\n<p style=\"text-align: center\">F\u00e4rberdistel ist eine krautige Pflanze, deren Bl\u00fcten und das aus ihren Samen gewonnene \u00d6l in vielen Bereichen verwendet werden, beispielsweise in der Medizin, beim Kochen und in der Kosmetik<br \/>\nEs ist in den Zutaten vieler Lebensmittel und Rezepte auf der ganzen Welt enthalten<\/p>\n<p style=\"text-align: center\">Es wird auch zum F\u00e4rben von Lebensmitteln und Reis verwendet<\/p>\n<h2 style=\"text-align: center\"><\/h2>\n<p style=\"text-align: center\">\n","protected":false},"excerpt":{"rendered":"<p>f\u00e4rberdiestel,kr\u00e4uter,gew\u00fcrze<\/p>\n","protected":false},"featured_media":23088,"template":"","meta":[],"product_brand":[],"product_cat":[69],"product_tag":[],"class_list":{"0":"post-23389","1":"product","2":"type-product","3":"status-publish","4":"has-post-thumbnail","6":"product_cat-gewurze-und-wurzen","8":"first","9":"instock","10":"taxable","11":"shipping-taxable","12":"purchasable","13":"product-type-simple"},"_links":{"self":[{"href":"https:\/\/alepposhop.eu\/de\/wp-json\/wp\/v2\/product\/23389"}],"collection":[{"href":"https:\/\/alepposhop.eu\/de\/wp-json\/wp\/v2\/product"}],"about":[{"href":"https:\/\/alepposhop.eu\/de\/wp-json\/wp\/v2\/types\/product"}],"wp:featuredmedia":[{"embeddable":true,"href":"https:\/\/alepposhop.eu\/de\/wp-json\/wp\/v2\/media\/23088"}],"wp:attachment":[{"href":"https:\/\/alepposhop.eu\/de\/wp-json\/wp\/v2\/media?parent=23389"}],"wp:term":[{"taxonomy":"product_brand","embeddable":true,"href":"https:\/\/alepposhop.eu\/de\/wp-json\/wp\/v2\/product_brand?post=23389"},{"taxonomy":"product_cat","embeddable":true,"href":"https:\/\/alepposhop.eu\/de\/wp-json\/wp\/v2\/product_cat?post=23389"},{"taxonomy":"product_tag","embeddable":true,"href":"https:\/\/alepposhop.eu\/de\/wp-json\/wp\/v2\/product_tag?post=23389"}],"curies":[{"name":"wp","href":"https:\/\/api.w.org\/{rel}","templated":true}]}}