{"id":23393,"date":"2023-02-05T20:41:25","date_gmt":"2023-02-05T19:58:31","guid":{"rendered":"https:\/\/alepposhop.eu\/gartengrass-koerne\/"},"modified":"2024-12-16T00:54:46","modified_gmt":"2024-12-15T23:54:46","slug":"gartengrass-koerne","status":"publish","type":"product","link":"https:\/\/alepposhop.eu\/de\/gartengrass-koerne\/","title":{"rendered":"Gartenkresse k\u00f6rne"},"content":{"rendered":"<p style=\"text-align: center\">Gewicht: 100 g<br \/>\nGartenkresse ist eine Pflanze, die seit der Antike f\u00fcr ihre gesundheitlichen Vorteile und vielf\u00e4ltigen Verwendungsm\u00f6glichkeiten bekannt ist. Die beliebtesten Teile dieser Pflanze sind ihre Samen, und ihr \u00d6l hat viele medizinische Anwendungen.<\/p>\n","protected":false},"excerpt":{"rendered":"<p>gartengrass,grass,k\u00f6rne,samen<\/p>\n","protected":false},"featured_media":23092,"template":"","meta":[],"product_brand":[],"product_cat":[69],"product_tag":[],"class_list":{"0":"post-23393","1":"product","2":"type-product","3":"status-publish","4":"has-post-thumbnail","6":"product_cat-gewurze-und-wurzen","8":"first","9":"instock","10":"taxable","11":"shipping-taxable","12":"purchasable","13":"product-type-simple"},"_links":{"self":[{"href":"https:\/\/alepposhop.eu\/de\/wp-json\/wp\/v2\/product\/23393"}],"collection":[{"href":"https:\/\/alepposhop.eu\/de\/wp-json\/wp\/v2\/product"}],"about":[{"href":"https:\/\/alepposhop.eu\/de\/wp-json\/wp\/v2\/types\/product"}],"wp:featuredmedia":[{"embeddable":true,"href":"https:\/\/alepposhop.eu\/de\/wp-json\/wp\/v2\/media\/23092"}],"wp:attachment":[{"href":"https:\/\/alepposhop.eu\/de\/wp-json\/wp\/v2\/media?parent=23393"}],"wp:term":[{"taxonomy":"product_brand","embeddable":true,"href":"https:\/\/alepposhop.eu\/de\/wp-json\/wp\/v2\/product_brand?post=23393"},{"taxonomy":"product_cat","embeddable":true,"href":"https:\/\/alepposhop.eu\/de\/wp-json\/wp\/v2\/product_cat?post=23393"},{"taxonomy":"product_tag","embeddable":true,"href":"https:\/\/alepposhop.eu\/de\/wp-json\/wp\/v2\/product_tag?post=23393"}],"curies":[{"name":"wp","href":"https:\/\/api.w.org\/{rel}","templated":true}]}}