{"id":23397,"date":"2023-02-05T20:41:25","date_gmt":"2023-02-05T19:58:31","guid":{"rendered":"https:\/\/alepposhop.eu\/lein-koerne\/"},"modified":"2024-12-16T00:55:25","modified_gmt":"2024-12-15T23:55:25","slug":"lein-koerne","status":"publish","type":"product","link":"https:\/\/alepposhop.eu\/de\/lein-koerne\/","title":{"rendered":"Leinsamen"},"content":{"rendered":"<p style=\"text-align: center\">Gewicht: 100 g<\/p>\n<p style=\"text-align: center\">Leinsamen sind weiche und gl\u00e4nzende braune Samen. Sie sind essbar und werden als gesundes Lebensmittel verwendet. Sie gelten als wichtige Quelle f\u00fcr Omega-3-S\u00e4uren und Ballaststoffe.<br \/>\nLeinsamen k\u00f6nnen ger\u00f6stet oder roh verzehrt, gemahlen und zu Backwaren und Salaten hinzugef\u00fcgt werden. Aus ihnen l\u00e4sst sich Leinsamen\u00f6l gewinnen, das sehr wohltuend f\u00fcr Haut und Haar ist.<\/p>\n","protected":false},"excerpt":{"rendered":"<p>leink\u00f6rne.leinsamen<\/p>\n","protected":false},"featured_media":23096,"template":"","meta":[],"product_brand":[],"product_cat":[69],"product_tag":[],"class_list":{"0":"post-23397","1":"product","2":"type-product","3":"status-publish","4":"has-post-thumbnail","6":"product_cat-gewurze-und-wurzen","8":"first","9":"instock","10":"taxable","11":"shipping-taxable","12":"purchasable","13":"product-type-simple"},"_links":{"self":[{"href":"https:\/\/alepposhop.eu\/de\/wp-json\/wp\/v2\/product\/23397"}],"collection":[{"href":"https:\/\/alepposhop.eu\/de\/wp-json\/wp\/v2\/product"}],"about":[{"href":"https:\/\/alepposhop.eu\/de\/wp-json\/wp\/v2\/types\/product"}],"wp:featuredmedia":[{"embeddable":true,"href":"https:\/\/alepposhop.eu\/de\/wp-json\/wp\/v2\/media\/23096"}],"wp:attachment":[{"href":"https:\/\/alepposhop.eu\/de\/wp-json\/wp\/v2\/media?parent=23397"}],"wp:term":[{"taxonomy":"product_brand","embeddable":true,"href":"https:\/\/alepposhop.eu\/de\/wp-json\/wp\/v2\/product_brand?post=23397"},{"taxonomy":"product_cat","embeddable":true,"href":"https:\/\/alepposhop.eu\/de\/wp-json\/wp\/v2\/product_cat?post=23397"},{"taxonomy":"product_tag","embeddable":true,"href":"https:\/\/alepposhop.eu\/de\/wp-json\/wp\/v2\/product_tag?post=23397"}],"curies":[{"name":"wp","href":"https:\/\/api.w.org\/{rel}","templated":true}]}}