{"id":23401,"date":"2023-02-05T20:58:31","date_gmt":"2023-02-05T19:58:31","guid":{"rendered":"https:\/\/alepposhop.eu\/gruene-thymian-blaetter\/"},"modified":"2023-02-05T20:59:01","modified_gmt":"2023-02-05T19:59:01","slug":"gruene-thymian-blaetter","status":"publish","type":"product","link":"https:\/\/alepposhop.eu\/de\/gruene-thymian-blaetter\/","title":{"rendered":"Gr\u00fcne Thymian bl\u00e4tter"},"content":{"rendered":"<p style=\"text-align: center;\">Thymian ist eines der Kr\u00e4uter, das reich an vielen gesundheitlichen Vorteilen ist, es lindert Atemprobleme, verbessert die Herzgesundheit, st\u00e4rkt das Immunsystem und andere Vorteile<\/p>\n<h2 style=\"text-align: center;\">thymian,bl\u00e4tter,kr\u00e4uter,gew\u00fcrze<\/h2>\n<h2 style=\"text-align: center;\">Kr\u00e4uter und Ptisan<\/h2>\n<p style=\"text-align: center;\">kr\u00e4uter<\/p>\n<p style=\"text-align: center;\">Aleppo Shop<\/p>\n<p style=\"text-align: center;\">thymian bl\u00e4tter<\/p>\n<p style=\"text-align: center;\">\n","protected":false},"excerpt":{"rendered":"<p>thymian,bl\u00e4tter,kr\u00e4uter,gew\u00fcrze<\/p>\n","protected":false},"featured_media":23402,"template":"","meta":[],"product_brand":[],"product_cat":[70],"product_tag":[780,836,906,4196],"class_list":{"0":"post-23401","1":"product","2":"type-product","3":"status-publish","4":"has-post-thumbnail","6":"product_cat-krauter-und-ptisan","7":"product_tag-thymian","8":"product_tag-gewuerze","9":"product_tag-kraeuter","10":"product_tag-blaetter","12":"first","13":"instock","14":"taxable","15":"shipping-taxable","16":"purchasable","17":"product-type-simple"},"_links":{"self":[{"href":"https:\/\/alepposhop.eu\/de\/wp-json\/wp\/v2\/product\/23401"}],"collection":[{"href":"https:\/\/alepposhop.eu\/de\/wp-json\/wp\/v2\/product"}],"about":[{"href":"https:\/\/alepposhop.eu\/de\/wp-json\/wp\/v2\/types\/product"}],"wp:featuredmedia":[{"embeddable":true,"href":"https:\/\/alepposhop.eu\/de\/wp-json\/wp\/v2\/media\/23402"}],"wp:attachment":[{"href":"https:\/\/alepposhop.eu\/de\/wp-json\/wp\/v2\/media?parent=23401"}],"wp:term":[{"taxonomy":"product_brand","embeddable":true,"href":"https:\/\/alepposhop.eu\/de\/wp-json\/wp\/v2\/product_brand?post=23401"},{"taxonomy":"product_cat","embeddable":true,"href":"https:\/\/alepposhop.eu\/de\/wp-json\/wp\/v2\/product_cat?post=23401"},{"taxonomy":"product_tag","embeddable":true,"href":"https:\/\/alepposhop.eu\/de\/wp-json\/wp\/v2\/product_tag?post=23401"}],"curies":[{"name":"wp","href":"https:\/\/api.w.org\/{rel}","templated":true}]}}