{"id":23405,"date":"2023-02-05T20:41:25","date_gmt":"2023-02-05T19:58:31","guid":{"rendered":"https:\/\/alepposhop.eu\/lakritze\/"},"modified":"2023-02-05T20:59:04","modified_gmt":"2023-02-05T19:59:04","slug":"lakritze","status":"publish","type":"product","link":"https:\/\/alepposhop.eu\/de\/lakritze\/","title":{"rendered":"Lakritze"},"content":{"rendered":"<p style=\"text-align: center;\">S\u00fc\u00dfholz zeichnet sich durch seinen s\u00fc\u00dfen Geschmack aus und wird als S\u00fc\u00dfungsmittel in vielen Speisen und Desserts verwendet. Sie wird seit mehr als dreitausend Jahren in der Alternativmedizin als Heilpflanze verwendet.<\/p>\n<h2 style=\"text-align: center;\">s\u00fc\u00dfmittel,lakritze,s\u00fc\u00dfholz,s\u00fc\u00df<\/h2>\n<h2 style=\"text-align: center;\">Kr\u00e4uter und Ptisan<\/h2>\n<p style=\"text-align: center;\">kr\u00e4uter<\/p>\n<p style=\"text-align: center;\">Aleppo Shop<\/p>\n<p style=\"text-align: center;\">Lakritze<\/p>\n<p style=\"text-align: center;\">\n","protected":false},"excerpt":{"rendered":"<p>s\u00fc\u00dfmittel,lakritze,s\u00fc\u00dfholz,s\u00fc\u00df<\/p>\n","protected":false},"featured_media":23104,"template":"","meta":[],"product_brand":[],"product_cat":[70],"product_tag":[],"class_list":{"0":"post-23405","1":"product","2":"type-product","3":"status-publish","4":"has-post-thumbnail","6":"product_cat-krauter-und-ptisan","8":"first","9":"outofstock","10":"taxable","11":"shipping-taxable","12":"purchasable","13":"product-type-simple"},"_links":{"self":[{"href":"https:\/\/alepposhop.eu\/de\/wp-json\/wp\/v2\/product\/23405"}],"collection":[{"href":"https:\/\/alepposhop.eu\/de\/wp-json\/wp\/v2\/product"}],"about":[{"href":"https:\/\/alepposhop.eu\/de\/wp-json\/wp\/v2\/types\/product"}],"wp:featuredmedia":[{"embeddable":true,"href":"https:\/\/alepposhop.eu\/de\/wp-json\/wp\/v2\/media\/23104"}],"wp:attachment":[{"href":"https:\/\/alepposhop.eu\/de\/wp-json\/wp\/v2\/media?parent=23405"}],"wp:term":[{"taxonomy":"product_brand","embeddable":true,"href":"https:\/\/alepposhop.eu\/de\/wp-json\/wp\/v2\/product_brand?post=23405"},{"taxonomy":"product_cat","embeddable":true,"href":"https:\/\/alepposhop.eu\/de\/wp-json\/wp\/v2\/product_cat?post=23405"},{"taxonomy":"product_tag","embeddable":true,"href":"https:\/\/alepposhop.eu\/de\/wp-json\/wp\/v2\/product_tag?post=23405"}],"curies":[{"name":"wp","href":"https:\/\/api.w.org\/{rel}","templated":true}]}}