{"id":23413,"date":"2023-02-05T20:41:25","date_gmt":"2023-02-05T19:58:31","guid":{"rendered":"https:\/\/alepposhop.eu\/maryams-handflaeche\/"},"modified":"2023-02-05T20:59:12","modified_gmt":"2023-02-05T19:59:12","slug":"maryams-handflaeche","status":"publish","type":"product","link":"https:\/\/alepposhop.eu\/de\/maryams-handflaeche\/","title":{"rendered":"Maryams Handfl\u00e4che"},"content":{"rendered":"<p style=\"text-align: center;\">Maryams Palmkraut ist f\u00fcr seine vielen gesundheitlichen Vorteile bekannt, da es eines der Kr\u00e4uter ist, die seit der Antike in medizinischen Behandlungen verwendet werden. Es hilft, die Knochengesundheit zu erhalten und zu sch\u00fctzen. Maryams Palmkraut hilft dank seiner Wirkung auf den Prolaktinspiegel im K\u00f6rper bei der Verbesserung der weiblichen Fruchtbarkeit. Es reduziert einige Symptome von PCOS auf nat\u00fcrliche Weise.<\/p>\n<h2 style=\"text-align: center;\">Maryams Palmkraut,kr\u00e4uter,gew\u00fcrze<\/h2>\n<h2 style=\"text-align: center;\">Kr\u00e4uter und Ptisan<\/h2>\n<p style=\"text-align: center;\">kr\u00e4uter<\/p>\n<p style=\"text-align: center;\">Aleppo Shop<\/p>\n<p style=\"text-align: center;\">Maryams Handfl\u00e4che<\/p>\n<p style=\"text-align: center;\">\n","protected":false},"excerpt":{"rendered":"<p>Maryams Palmkraut,kr\u00e4uter,gew\u00fcrze<\/p>\n","protected":false},"featured_media":23112,"template":"","meta":[],"product_brand":[],"product_cat":[70],"product_tag":[],"class_list":{"0":"post-23413","1":"product","2":"type-product","3":"status-publish","4":"has-post-thumbnail","6":"product_cat-krauter-und-ptisan","8":"first","9":"instock","10":"taxable","11":"shipping-taxable","12":"purchasable","13":"product-type-simple"},"_links":{"self":[{"href":"https:\/\/alepposhop.eu\/de\/wp-json\/wp\/v2\/product\/23413"}],"collection":[{"href":"https:\/\/alepposhop.eu\/de\/wp-json\/wp\/v2\/product"}],"about":[{"href":"https:\/\/alepposhop.eu\/de\/wp-json\/wp\/v2\/types\/product"}],"wp:featuredmedia":[{"embeddable":true,"href":"https:\/\/alepposhop.eu\/de\/wp-json\/wp\/v2\/media\/23112"}],"wp:attachment":[{"href":"https:\/\/alepposhop.eu\/de\/wp-json\/wp\/v2\/media?parent=23413"}],"wp:term":[{"taxonomy":"product_brand","embeddable":true,"href":"https:\/\/alepposhop.eu\/de\/wp-json\/wp\/v2\/product_brand?post=23413"},{"taxonomy":"product_cat","embeddable":true,"href":"https:\/\/alepposhop.eu\/de\/wp-json\/wp\/v2\/product_cat?post=23413"},{"taxonomy":"product_tag","embeddable":true,"href":"https:\/\/alepposhop.eu\/de\/wp-json\/wp\/v2\/product_tag?post=23413"}],"curies":[{"name":"wp","href":"https:\/\/api.w.org\/{rel}","templated":true}]}}