{"id":23417,"date":"2023-02-05T20:58:31","date_gmt":"2023-02-05T19:58:31","guid":{"rendered":"https:\/\/alepposhop.eu\/olivenblaetter\/"},"modified":"2023-02-05T20:59:16","modified_gmt":"2023-02-05T19:59:16","slug":"olivenblaetter","status":"publish","type":"product","link":"https:\/\/alepposhop.eu\/de\/olivenblaetter\/","title":{"rendered":"Olivenbl\u00e4tter"},"content":{"rendered":"<p style=\"text-align: center;\">Olivenbl\u00e4tter enthalten nat\u00fcrliche Substanzen, die helfen, einen leichten Blutdruckanstieg zu reduzieren. Olivenbl\u00e4tter tragen zur Senkung des Blutzuckers bei, wenn dieser hoch ist. Alternativmediziner empfehlen, t\u00e4glich morgens eine Tasse Olivenblattextrakt zu sich zu nehmen, um den Cholesterin- und Triglyceridspiegel im Blut zu senken. Das st\u00e4rkste nat\u00fcrliche Antibiotikum, da es eine erstaunliche F\u00e4higkeit besitzt, Bakterien zu eliminieren.<\/p>\n<h2 style=\"text-align: center;\">oliven,bl\u00e4tter,kr\u00e4uter,gew\u00fcrze<\/h2>\n<h2 style=\"text-align: center;\">Kr\u00e4uter und Ptisan<\/h2>\n<p style=\"text-align: center;\">kr\u00e4uter<\/p>\n<p style=\"text-align: center;\">Aleppo Shop<\/p>\n<p style=\"text-align: center;\">olivenbl\u00e4tter<\/p>\n<p style=\"text-align: center;\">\n","protected":false},"excerpt":{"rendered":"<p>oliven,bl\u00e4tter,kr\u00e4uter,gew\u00fcrze<\/p>\n","protected":false},"featured_media":23418,"template":"","meta":[],"product_brand":[],"product_cat":[70],"product_tag":[781,836,906,4196],"class_list":{"0":"post-23417","1":"product","2":"type-product","3":"status-publish","4":"has-post-thumbnail","6":"product_cat-krauter-und-ptisan","7":"product_tag-oliven","8":"product_tag-gewuerze","9":"product_tag-kraeuter","10":"product_tag-blaetter","12":"first","13":"instock","14":"taxable","15":"shipping-taxable","16":"purchasable","17":"product-type-simple"},"_links":{"self":[{"href":"https:\/\/alepposhop.eu\/de\/wp-json\/wp\/v2\/product\/23417"}],"collection":[{"href":"https:\/\/alepposhop.eu\/de\/wp-json\/wp\/v2\/product"}],"about":[{"href":"https:\/\/alepposhop.eu\/de\/wp-json\/wp\/v2\/types\/product"}],"wp:featuredmedia":[{"embeddable":true,"href":"https:\/\/alepposhop.eu\/de\/wp-json\/wp\/v2\/media\/23418"}],"wp:attachment":[{"href":"https:\/\/alepposhop.eu\/de\/wp-json\/wp\/v2\/media?parent=23417"}],"wp:term":[{"taxonomy":"product_brand","embeddable":true,"href":"https:\/\/alepposhop.eu\/de\/wp-json\/wp\/v2\/product_brand?post=23417"},{"taxonomy":"product_cat","embeddable":true,"href":"https:\/\/alepposhop.eu\/de\/wp-json\/wp\/v2\/product_cat?post=23417"},{"taxonomy":"product_tag","embeddable":true,"href":"https:\/\/alepposhop.eu\/de\/wp-json\/wp\/v2\/product_tag?post=23417"}],"curies":[{"name":"wp","href":"https:\/\/api.w.org\/{rel}","templated":true}]}}