{"id":23421,"date":"2023-02-05T20:58:31","date_gmt":"2023-02-05T19:58:31","guid":{"rendered":"https:\/\/alepposhop.eu\/zitronenmelisse-blaetter\/"},"modified":"2023-02-05T20:59:18","modified_gmt":"2023-02-05T19:59:18","slug":"zitronenmelisse-blaetter","status":"publish","type":"product","link":"https:\/\/alepposhop.eu\/de\/zitronenmelisse-blaetter\/","title":{"rendered":"Zitronenmelisse bl\u00e4tter"},"content":{"rendered":"<p style=\"text-align: center;\">Die Vorteile der Zitronenmelisse sind unz\u00e4hlig, und viele wissenschaftliche Studien haben ihre Bedeutung bewiesen, indem sie Schlaflosigkeit lindern, zur Verbesserung der Stimmung beitragen und Depressionen reduzieren, zur St\u00e4rkung des Ged\u00e4chtnisses beitragen und Koliken bei S\u00e4uglingen lindern<\/p>\n<h2 style=\"text-align: center;\">zitronemelisse,melisse,tee,kr\u00e4uter<\/h2>\n<h2 style=\"text-align: center;\">warme Getr\u00e4nke<\/h2>\n<p style=\"text-align: center;\">kr\u00e4uter<\/p>\n<p style=\"text-align: center;\">Aleppo Shop<\/p>\n<p style=\"text-align: center;\">zitronenmelissabl\u00e4tter<\/p>\n<p style=\"text-align: center;\">\n","protected":false},"excerpt":{"rendered":"<p>zitronemelisse,melisse,tee,kr\u00e4uter<\/p>\n","protected":false},"featured_media":23422,"template":"","meta":[],"product_brand":[],"product_cat":[2352],"product_tag":[898,906,4937,4938],"class_list":{"0":"post-23421","1":"product","2":"type-product","3":"status-publish","4":"has-post-thumbnail","6":"product_cat-warme-getraenke","7":"product_tag-tee","8":"product_tag-kraeuter","9":"product_tag-zitronemelisse","10":"product_tag-melisse","12":"first","13":"instock","14":"taxable","15":"shipping-taxable","16":"purchasable","17":"product-type-simple"},"_links":{"self":[{"href":"https:\/\/alepposhop.eu\/de\/wp-json\/wp\/v2\/product\/23421"}],"collection":[{"href":"https:\/\/alepposhop.eu\/de\/wp-json\/wp\/v2\/product"}],"about":[{"href":"https:\/\/alepposhop.eu\/de\/wp-json\/wp\/v2\/types\/product"}],"wp:featuredmedia":[{"embeddable":true,"href":"https:\/\/alepposhop.eu\/de\/wp-json\/wp\/v2\/media\/23422"}],"wp:attachment":[{"href":"https:\/\/alepposhop.eu\/de\/wp-json\/wp\/v2\/media?parent=23421"}],"wp:term":[{"taxonomy":"product_brand","embeddable":true,"href":"https:\/\/alepposhop.eu\/de\/wp-json\/wp\/v2\/product_brand?post=23421"},{"taxonomy":"product_cat","embeddable":true,"href":"https:\/\/alepposhop.eu\/de\/wp-json\/wp\/v2\/product_cat?post=23421"},{"taxonomy":"product_tag","embeddable":true,"href":"https:\/\/alepposhop.eu\/de\/wp-json\/wp\/v2\/product_tag?post=23421"}],"curies":[{"name":"wp","href":"https:\/\/api.w.org\/{rel}","templated":true}]}}