{"id":23425,"date":"2023-02-05T20:41:25","date_gmt":"2023-02-05T19:58:31","guid":{"rendered":"https:\/\/alepposhop.eu\/gruener-tee\/"},"modified":"2023-02-05T20:59:24","modified_gmt":"2023-02-05T19:59:24","slug":"gruener-tee","status":"publish","type":"product","link":"https:\/\/alepposhop.eu\/de\/gruener-tee\/","title":{"rendered":"Gr\u00fcner Tee"},"content":{"rendered":"<p style=\"text-align: center;\">Gr\u00fcner Tee hat viele Vorteile und gilt als eines der ges\u00fcndesten Getr\u00e4nke. Es ist reich an Antioxidantien, die viele gesundheitliche Vorteile f\u00fcr den menschlichen K\u00f6rper haben. Studien zeigen, dass sich der Konsum von gr\u00fcnem Tee positiv auf die Hautgesundheit auswirkt, beim Abnehmen hilft und das Risiko von Herz-Kreislauf-Erkrankungen verringert.<\/p>\n<h2 style=\"text-align: center;\"><\/h2>\n<h2 style=\"text-align: center;\">warme Getr\u00e4nke<\/h2>\n<p style=\"text-align: center;\">tee<\/p>\n<p style=\"text-align: center;\">Aleppo Shop<\/p>\n<p style=\"text-align: center;\">gr\u00fcner tee<\/p>\n<p style=\"text-align: center;\">\n","protected":false},"excerpt":{"rendered":"<p>gr\u00fcner tee,matcha,tee,kr\u00e4uter<\/p>\n","protected":false},"featured_media":23124,"template":"","meta":[],"product_brand":[],"product_cat":[2352],"product_tag":[],"class_list":{"0":"post-23425","1":"product","2":"type-product","3":"status-publish","4":"has-post-thumbnail","6":"product_cat-warme-getraenke","8":"first","9":"outofstock","10":"taxable","11":"shipping-taxable","12":"purchasable","13":"product-type-simple"},"_links":{"self":[{"href":"https:\/\/alepposhop.eu\/de\/wp-json\/wp\/v2\/product\/23425"}],"collection":[{"href":"https:\/\/alepposhop.eu\/de\/wp-json\/wp\/v2\/product"}],"about":[{"href":"https:\/\/alepposhop.eu\/de\/wp-json\/wp\/v2\/types\/product"}],"wp:featuredmedia":[{"embeddable":true,"href":"https:\/\/alepposhop.eu\/de\/wp-json\/wp\/v2\/media\/23124"}],"wp:attachment":[{"href":"https:\/\/alepposhop.eu\/de\/wp-json\/wp\/v2\/media?parent=23425"}],"wp:term":[{"taxonomy":"product_brand","embeddable":true,"href":"https:\/\/alepposhop.eu\/de\/wp-json\/wp\/v2\/product_brand?post=23425"},{"taxonomy":"product_cat","embeddable":true,"href":"https:\/\/alepposhop.eu\/de\/wp-json\/wp\/v2\/product_cat?post=23425"},{"taxonomy":"product_tag","embeddable":true,"href":"https:\/\/alepposhop.eu\/de\/wp-json\/wp\/v2\/product_tag?post=23425"}],"curies":[{"name":"wp","href":"https:\/\/api.w.org\/{rel}","templated":true}]}}