{"id":23433,"date":"2023-02-05T20:41:25","date_gmt":"2023-02-05T19:58:31","guid":{"rendered":"https:\/\/alepposhop.eu\/mandeln-getraenk\/"},"modified":"2023-02-05T20:59:29","modified_gmt":"2023-02-05T19:59:29","slug":"mandeln-getraenk","status":"publish","type":"product","link":"https:\/\/alepposhop.eu\/de\/mandeln-getraenk\/","title":{"rendered":"Mandeln Getr\u00e4nk"},"content":{"rendered":"<p style=\"text-align: center;\">Mandeldrink ist ein erfrischendes Getr\u00e4nk<br \/>\nEs wird aus Mandelkernen hergestellt und ist ein k\u00f6stliches, gesundes Getr\u00e4nk, das haupts\u00e4chlich durch Mischen von Mandelkernen mit Zucker hergestellt wird. Dem Mandelkonzentrat wird je nach Wunsch Wasser oder Milch zugesetzt (pro Kilo Mandelsirupkonzentrat werden zwei Liter Milch oder Wasser zugesetzt)<\/p>\n<h2 style=\"text-align: center;\">mandeln,nuss,nusse,mandel,sugar,milch<\/h2>\n<h2 style=\"text-align: center;\">Getr\u00e4nke und S\u00e4fte<\/h2>\n<p style=\"text-align: center;\">mandeln getr\u00e4nk<\/p>\n<p style=\"text-align: center;\">Watfa<\/p>\n<p style=\"text-align: center;\">mandeln,zucker<\/p>\n<p style=\"text-align: center;\">\n","protected":false},"excerpt":{"rendered":"<p>mandeln,nuss,nusse,mandel,sugar,milch<\/p>\n","protected":false},"featured_media":23132,"template":"","meta":[],"product_brand":[],"product_cat":[74],"product_tag":[],"class_list":{"0":"post-23433","1":"product","2":"type-product","3":"status-publish","4":"has-post-thumbnail","6":"product_cat-getranke-und-safte","8":"first","9":"instock","10":"taxable","11":"shipping-taxable","12":"purchasable","13":"product-type-simple"},"_links":{"self":[{"href":"https:\/\/alepposhop.eu\/de\/wp-json\/wp\/v2\/product\/23433"}],"collection":[{"href":"https:\/\/alepposhop.eu\/de\/wp-json\/wp\/v2\/product"}],"about":[{"href":"https:\/\/alepposhop.eu\/de\/wp-json\/wp\/v2\/types\/product"}],"wp:featuredmedia":[{"embeddable":true,"href":"https:\/\/alepposhop.eu\/de\/wp-json\/wp\/v2\/media\/23132"}],"wp:attachment":[{"href":"https:\/\/alepposhop.eu\/de\/wp-json\/wp\/v2\/media?parent=23433"}],"wp:term":[{"taxonomy":"product_brand","embeddable":true,"href":"https:\/\/alepposhop.eu\/de\/wp-json\/wp\/v2\/product_brand?post=23433"},{"taxonomy":"product_cat","embeddable":true,"href":"https:\/\/alepposhop.eu\/de\/wp-json\/wp\/v2\/product_cat?post=23433"},{"taxonomy":"product_tag","embeddable":true,"href":"https:\/\/alepposhop.eu\/de\/wp-json\/wp\/v2\/product_tag?post=23433"}],"curies":[{"name":"wp","href":"https:\/\/api.w.org\/{rel}","templated":true}]}}