{"id":23441,"date":"2023-02-05T20:41:25","date_gmt":"2023-02-05T19:58:31","guid":{"rendered":"https:\/\/alepposhop.eu\/gemischte-suessigkeit\/"},"modified":"2025-01-14T05:02:23","modified_gmt":"2025-01-14T04:02:23","slug":"gemischte-suessigkeit","status":"publish","type":"product","link":"https:\/\/alepposhop.eu\/de\/gemischte-suessigkeit\/","title":{"rendered":"Gemischte S\u00fc\u00dfigkeit"},"content":{"rendered":"<p style=\"text-align: center\">Gewicht: 1000 g<\/p>\n<p style=\"text-align: center\">Eine luxuri\u00f6se Delight mit Pistazien, Manna und Salwa, Mandelharissa, Pistaziennougat, getrockneten kandierten Fr\u00fcchten und einfacher oder Pistazienschokolade.<\/p>\n","protected":false},"excerpt":{"rendered":"<p>s\u00fc\u00df,s\u00fc\u00dfigkeit,sweets,pistazien,mistka, K\u00f6stlichkeiten, Desserts, Pistazie, Harissa, Mandel, Schokolade, Nougat, Pistazie, Mann und Salwa, eid,Marzipan<\/p>\n","protected":false},"featured_media":23140,"template":"","meta":[],"product_brand":[],"product_cat":[72],"product_tag":[3498,3499],"class_list":{"0":"post-23441","1":"product","2":"type-product","3":"status-publish","4":"has-post-thumbnail","6":"product_cat-orientalische-susigkeiten","7":"product_tag-chocolate-de","8":"product_tag-marzipan-de","10":"first","11":"instock","12":"taxable","13":"shipping-taxable","14":"purchasable","15":"product-type-simple"},"_links":{"self":[{"href":"https:\/\/alepposhop.eu\/de\/wp-json\/wp\/v2\/product\/23441"}],"collection":[{"href":"https:\/\/alepposhop.eu\/de\/wp-json\/wp\/v2\/product"}],"about":[{"href":"https:\/\/alepposhop.eu\/de\/wp-json\/wp\/v2\/types\/product"}],"wp:featuredmedia":[{"embeddable":true,"href":"https:\/\/alepposhop.eu\/de\/wp-json\/wp\/v2\/media\/23140"}],"wp:attachment":[{"href":"https:\/\/alepposhop.eu\/de\/wp-json\/wp\/v2\/media?parent=23441"}],"wp:term":[{"taxonomy":"product_brand","embeddable":true,"href":"https:\/\/alepposhop.eu\/de\/wp-json\/wp\/v2\/product_brand?post=23441"},{"taxonomy":"product_cat","embeddable":true,"href":"https:\/\/alepposhop.eu\/de\/wp-json\/wp\/v2\/product_cat?post=23441"},{"taxonomy":"product_tag","embeddable":true,"href":"https:\/\/alepposhop.eu\/de\/wp-json\/wp\/v2\/product_tag?post=23441"}],"curies":[{"name":"wp","href":"https:\/\/api.w.org\/{rel}","templated":true}]}}