{"id":23445,"date":"2023-02-05T20:41:25","date_gmt":"2023-02-05T19:58:31","guid":{"rendered":"https:\/\/alepposhop.eu\/gemischte-getrocknete-syrische-fruechte\/"},"modified":"2025-01-14T05:17:53","modified_gmt":"2025-01-14T04:17:53","slug":"gemischte-getrocknete-syrische-fruechte","status":"publish","type":"product","link":"https:\/\/alepposhop.eu\/de\/gemischte-getrocknete-syrische-fruechte\/","title":{"rendered":"Gemischte Getrocknete Syrische Fr\u00fcchte"},"content":{"rendered":"<p style=\"text-align: center\">Gewicht: 1000 g<\/p>\n<p style=\"text-align: center\">Sortiment getrockneter und kandierter Fr\u00fcchte \u2013 Eine k\u00f6stliche und nahrhafte Mischung, die nat\u00fcrliche S\u00fc\u00dfe mit einer k\u00f6stlichen Textur kombiniert. Perfekt als Snack oder um Desserts und Backwaren eine luxuri\u00f6se Note zu verleihen.<\/p>\n<p style=\"text-align: center\">Das Sortiment umfasst Pfirsiche, \u00c4pfel, Aprikosen, Mandarinen, Orangen und rote Pflaumen.<\/p>\n","protected":false},"excerpt":{"rendered":"<p>getrockente,obst,getrockente obst ,zucker,s\u00fc<\/p>\n","protected":false},"featured_media":23144,"template":"","meta":[],"product_brand":[],"product_cat":[5845,72,2279],"product_tag":[],"class_list":{"0":"post-23445","1":"product","2":"type-product","3":"status-publish","4":"has-post-thumbnail","6":"product_cat-auktion","7":"product_cat-orientalische-susigkeiten","8":"product_cat-saisonale-angebote","10":"first","11":"instock","12":"sale","13":"taxable","14":"shipping-taxable","15":"purchasable","16":"product-type-simple"},"_links":{"self":[{"href":"https:\/\/alepposhop.eu\/de\/wp-json\/wp\/v2\/product\/23445"}],"collection":[{"href":"https:\/\/alepposhop.eu\/de\/wp-json\/wp\/v2\/product"}],"about":[{"href":"https:\/\/alepposhop.eu\/de\/wp-json\/wp\/v2\/types\/product"}],"wp:featuredmedia":[{"embeddable":true,"href":"https:\/\/alepposhop.eu\/de\/wp-json\/wp\/v2\/media\/23144"}],"wp:attachment":[{"href":"https:\/\/alepposhop.eu\/de\/wp-json\/wp\/v2\/media?parent=23445"}],"wp:term":[{"taxonomy":"product_brand","embeddable":true,"href":"https:\/\/alepposhop.eu\/de\/wp-json\/wp\/v2\/product_brand?post=23445"},{"taxonomy":"product_cat","embeddable":true,"href":"https:\/\/alepposhop.eu\/de\/wp-json\/wp\/v2\/product_cat?post=23445"},{"taxonomy":"product_tag","embeddable":true,"href":"https:\/\/alepposhop.eu\/de\/wp-json\/wp\/v2\/product_tag?post=23445"}],"curies":[{"name":"wp","href":"https:\/\/api.w.org\/{rel}","templated":true}]}}