{"id":24120,"date":"2023-03-24T04:06:46","date_gmt":"2023-03-24T03:23:11","guid":{"rendered":"https:\/\/alepposhop.eu\/ramadan-fruehstueck-milch-4-stueck\/"},"modified":"2023-04-23T01:00:29","modified_gmt":"2023-04-22T23:00:29","slug":"ramadan-fruehstueck-milch-4-stueck","status":"publish","type":"product","link":"https:\/\/alepposhop.eu\/de\/ramadan-fruehstueck-milch-4-stueck\/","title":{"rendered":"Ramadan Fr\u00fchst\u00fcck (Milch) &#8211; 4 St\u00fcck"},"content":{"rendered":"<p style=\"text-align: center;\">Ramadan Chocolate Breakfast Mahl<\/p>\n<h2 style=\"text-align: center;\">Luxuri\u00f6se Milch, luxuri\u00f6se, luxuri\u00f6se Milch, Ruby Bisc<\/h2>\n<h2 style=\"text-align: center;\">W\u00f6chentliche Angebote<\/h2>\n<p style=\"text-align: center;\">Lebensmittel<\/p>\n<p style=\"text-align: center;\">Aleppo Shop<\/p>\n<p style=\"text-align: center;\">Luxuri\u00f6se Milch, luxuri\u00f6se, luxuri\u00f6se Milch, Ruby Bisc<\/p>\n<p style=\"text-align: center;\">\n","protected":false},"excerpt":{"rendered":"<p>Luxuri\u00f6se Milch, luxuri\u00f6se, luxuri\u00f6se Milch, Ruby Bisc<\/p>\n","protected":false},"featured_media":23931,"template":"","meta":[],"product_brand":[],"product_cat":[2280],"product_tag":[3502,5497,5525],"class_list":{"0":"post-24120","1":"product","2":"type-product","3":"status-publish","4":"has-post-thumbnail","6":"product_cat-wochentliche-angebote","7":"product_tag-offers-de","8":"product_tag--de","11":"first","12":"outofstock","13":"taxable","14":"shipping-taxable","15":"purchasable","16":"product-type-simple"},"_links":{"self":[{"href":"https:\/\/alepposhop.eu\/de\/wp-json\/wp\/v2\/product\/24120"}],"collection":[{"href":"https:\/\/alepposhop.eu\/de\/wp-json\/wp\/v2\/product"}],"about":[{"href":"https:\/\/alepposhop.eu\/de\/wp-json\/wp\/v2\/types\/product"}],"wp:featuredmedia":[{"embeddable":true,"href":"https:\/\/alepposhop.eu\/de\/wp-json\/wp\/v2\/media\/23931"}],"wp:attachment":[{"href":"https:\/\/alepposhop.eu\/de\/wp-json\/wp\/v2\/media?parent=24120"}],"wp:term":[{"taxonomy":"product_brand","embeddable":true,"href":"https:\/\/alepposhop.eu\/de\/wp-json\/wp\/v2\/product_brand?post=24120"},{"taxonomy":"product_cat","embeddable":true,"href":"https:\/\/alepposhop.eu\/de\/wp-json\/wp\/v2\/product_cat?post=24120"},{"taxonomy":"product_tag","embeddable":true,"href":"https:\/\/alepposhop.eu\/de\/wp-json\/wp\/v2\/product_tag?post=24120"}],"curies":[{"name":"wp","href":"https:\/\/api.w.org\/{rel}","templated":true}]}}