{"id":24132,"date":"2023-03-24T04:06:46","date_gmt":"2023-03-24T03:23:11","guid":{"rendered":"https:\/\/alepposhop.eu\/ramsed-milben-mit-einem-filter-2-box-640-g\/"},"modified":"2023-04-24T01:00:13","modified_gmt":"2023-04-23T23:00:13","slug":"ramsed-milben-mit-einem-filter-2-box-640-g","status":"publish","type":"product","link":"https:\/\/alepposhop.eu\/de\/ramsed-milben-mit-einem-filter-2-box-640-g\/","title":{"rendered":"RAMSED -Milben mit einem Filter &#8211; 2 Box 640 g"},"content":{"rendered":"<p style=\"text-align: center;\">Ein unverwechselbares beliebtes Getr\u00e4nk, und dieses Produkt verf\u00fcgt \u00fcber zwei Pakete, jedes Paket wiegt 320 Gramm und die beiden Kisten enthalten einen Filter, um das Getr\u00e4nk zuzubereiten.<\/p>\n<h2 style=\"text-align: center;\">Sousses, S\u00fc\u00dfholz, Marktschwei\u00dfgetr\u00e4nk, Milbensirup, Sauso -Saft<\/h2>\n<h2 style=\"text-align: center;\">W\u00f6chentliche Angebote<\/h2>\n<p style=\"text-align: center;\">Milbe<\/p>\n<p style=\"text-align: center;\">Aleppo Shop<\/p>\n<p style=\"text-align: center;\">Sousses, S\u00fc\u00dfholz, Marktschwei\u00dfgetr\u00e4nk, Milbensirup, Sauso -Saft<\/p>\n<p style=\"text-align: center;\">\n","protected":false},"excerpt":{"rendered":"<p>Sousses, S\u00fc\u00dfholz, Marktschwei\u00dfgetr\u00e4nk, Milbensirup, Sauso -Saft<\/p>\n","protected":false},"featured_media":23943,"template":"","meta":[],"product_brand":[],"product_cat":[2280],"product_tag":[],"class_list":{"0":"post-24132","1":"product","2":"type-product","3":"status-publish","4":"has-post-thumbnail","6":"product_cat-wochentliche-angebote","8":"first","9":"outofstock","10":"taxable","11":"shipping-taxable","12":"purchasable","13":"product-type-simple"},"_links":{"self":[{"href":"https:\/\/alepposhop.eu\/de\/wp-json\/wp\/v2\/product\/24132"}],"collection":[{"href":"https:\/\/alepposhop.eu\/de\/wp-json\/wp\/v2\/product"}],"about":[{"href":"https:\/\/alepposhop.eu\/de\/wp-json\/wp\/v2\/types\/product"}],"wp:featuredmedia":[{"embeddable":true,"href":"https:\/\/alepposhop.eu\/de\/wp-json\/wp\/v2\/media\/23943"}],"wp:attachment":[{"href":"https:\/\/alepposhop.eu\/de\/wp-json\/wp\/v2\/media?parent=24132"}],"wp:term":[{"taxonomy":"product_brand","embeddable":true,"href":"https:\/\/alepposhop.eu\/de\/wp-json\/wp\/v2\/product_brand?post=24132"},{"taxonomy":"product_cat","embeddable":true,"href":"https:\/\/alepposhop.eu\/de\/wp-json\/wp\/v2\/product_cat?post=24132"},{"taxonomy":"product_tag","embeddable":true,"href":"https:\/\/alepposhop.eu\/de\/wp-json\/wp\/v2\/product_tag?post=24132"}],"curies":[{"name":"wp","href":"https:\/\/api.w.org\/{rel}","templated":true}]}}