{"id":24136,"date":"2023-03-24T04:06:46","date_gmt":"2023-03-24T03:23:11","guid":{"rendered":"https:\/\/alepposhop.eu\/getrocknete-feigen-mit-meiner-walnuss-400-gin-100-g-sind-rohe-nuesse\/"},"modified":"2023-04-23T01:00:29","modified_gmt":"2023-04-22T23:00:29","slug":"getrocknete-feigen-mit-meiner-walnuss-400-gin-100-g-sind-rohe-nuesse","status":"publish","type":"product","link":"https:\/\/alepposhop.eu\/de\/getrocknete-feigen-mit-meiner-walnuss-400-gin-100-g-sind-rohe-nuesse\/","title":{"rendered":"Getrocknete Feigen mit meiner Walnuss &#8211; 400 Gin &#8211; 100 g sind rohe N\u00fcsse"},"content":{"rendered":"<p style=\"text-align: center;\">Die perfekte Mischung aus Feigen und N\u00fcssen mit seinem hohen N\u00e4hrwert und seinem unverwechselbaren Geschmack, da dieses Produkt mit einem Gewicht von 400 Gramm Feigen und 100 Gramm N\u00fcssen ausgestattet ist<\/p>\n<h2 style=\"text-align: center;\">Teenager, getrocknete Feigen, Kiefer<\/h2>\n<h2 style=\"text-align: center;\">W\u00f6chentliche Angebote<\/h2>\n<p style=\"text-align: center;\">Teen, N\u00fcsse<\/p>\n<p style=\"text-align: center;\">Aleppo Shop<\/p>\n<p style=\"text-align: center;\">Teenager, getrocknete Feigen, Kiefer<\/p>\n<p style=\"text-align: center;\">\n","protected":false},"excerpt":{"rendered":"<p>Teenager, getrocknete Feigen, Kiefer<\/p>\n","protected":false},"featured_media":23947,"template":"","meta":[],"product_brand":[],"product_cat":[2280],"product_tag":[3502,5497,5525],"class_list":{"0":"post-24136","1":"product","2":"type-product","3":"status-publish","4":"has-post-thumbnail","6":"product_cat-wochentliche-angebote","7":"product_tag-offers-de","8":"product_tag--de","11":"first","12":"outofstock","13":"sold-individually","14":"taxable","15":"shipping-taxable","16":"purchasable","17":"product-type-simple"},"_links":{"self":[{"href":"https:\/\/alepposhop.eu\/de\/wp-json\/wp\/v2\/product\/24136"}],"collection":[{"href":"https:\/\/alepposhop.eu\/de\/wp-json\/wp\/v2\/product"}],"about":[{"href":"https:\/\/alepposhop.eu\/de\/wp-json\/wp\/v2\/types\/product"}],"wp:featuredmedia":[{"embeddable":true,"href":"https:\/\/alepposhop.eu\/de\/wp-json\/wp\/v2\/media\/23947"}],"wp:attachment":[{"href":"https:\/\/alepposhop.eu\/de\/wp-json\/wp\/v2\/media?parent=24136"}],"wp:term":[{"taxonomy":"product_brand","embeddable":true,"href":"https:\/\/alepposhop.eu\/de\/wp-json\/wp\/v2\/product_brand?post=24136"},{"taxonomy":"product_cat","embeddable":true,"href":"https:\/\/alepposhop.eu\/de\/wp-json\/wp\/v2\/product_cat?post=24136"},{"taxonomy":"product_tag","embeddable":true,"href":"https:\/\/alepposhop.eu\/de\/wp-json\/wp\/v2\/product_tag?post=24136"}],"curies":[{"name":"wp","href":"https:\/\/api.w.org\/{rel}","templated":true}]}}