{"id":24140,"date":"2023-03-24T04:06:46","date_gmt":"2023-03-24T03:23:11","guid":{"rendered":"https:\/\/alepposhop.eu\/durrat-durra-2-box-1-kg\/"},"modified":"2023-04-23T01:00:29","modified_gmt":"2023-04-22T23:00:29","slug":"durrat-durra-2-box-1-kg","status":"publish","type":"product","link":"https:\/\/alepposhop.eu\/de\/durrat-durra-2-box-1-kg\/","title":{"rendered":"Durrat Durra &#8211; 2 Box 1 kg"},"content":{"rendered":"<p style=\"text-align: center;\">Ein Paket enth\u00e4lt 1 kg hochwertiger Wohnheimdaten, was ein charakteristischer Daten seines gro\u00dfen Gr\u00f6\u00dfe und seines s\u00fc\u00dfen Geschmacks entspricht<\/p>\n<h2 style=\"text-align: center;\">Daten, indische Daten, Datendaten, Durra Durra, indische Daten Sirup, indische Datensaft<\/h2>\n<h2 style=\"text-align: center;\">W\u00f6chentliche Angebote<\/h2>\n<p style=\"text-align: center;\">Tamarinde<\/p>\n<p style=\"text-align: center;\">Aleppo Shop<\/p>\n<p style=\"text-align: center;\">Daten, indische Daten, Datendaten, Durra Durra, indische Daten Sirup, indische Datensaft<\/p>\n<p style=\"text-align: center;\">\n","protected":false},"excerpt":{"rendered":"<p>Daten, indische Daten, Datendaten, Durra Durra, indische Daten Sirup, indische Datensaft<\/p>\n","protected":false},"featured_media":23951,"template":"","meta":[],"product_brand":[],"product_cat":[2280],"product_tag":[3502,5497,5525],"class_list":{"0":"post-24140","1":"product","2":"type-product","3":"status-publish","4":"has-post-thumbnail","6":"product_cat-wochentliche-angebote","7":"product_tag-offers-de","8":"product_tag--de","11":"first","12":"outofstock","13":"sold-individually","14":"taxable","15":"shipping-taxable","16":"purchasable","17":"product-type-simple"},"_links":{"self":[{"href":"https:\/\/alepposhop.eu\/de\/wp-json\/wp\/v2\/product\/24140"}],"collection":[{"href":"https:\/\/alepposhop.eu\/de\/wp-json\/wp\/v2\/product"}],"about":[{"href":"https:\/\/alepposhop.eu\/de\/wp-json\/wp\/v2\/types\/product"}],"wp:featuredmedia":[{"embeddable":true,"href":"https:\/\/alepposhop.eu\/de\/wp-json\/wp\/v2\/media\/23951"}],"wp:attachment":[{"href":"https:\/\/alepposhop.eu\/de\/wp-json\/wp\/v2\/media?parent=24140"}],"wp:term":[{"taxonomy":"product_brand","embeddable":true,"href":"https:\/\/alepposhop.eu\/de\/wp-json\/wp\/v2\/product_brand?post=24140"},{"taxonomy":"product_cat","embeddable":true,"href":"https:\/\/alepposhop.eu\/de\/wp-json\/wp\/v2\/product_cat?post=24140"},{"taxonomy":"product_tag","embeddable":true,"href":"https:\/\/alepposhop.eu\/de\/wp-json\/wp\/v2\/product_tag?post=24140"}],"curies":[{"name":"wp","href":"https:\/\/api.w.org\/{rel}","templated":true}]}}