{"id":24144,"date":"2023-03-24T04:06:46","date_gmt":"2023-03-24T03:23:11","guid":{"rendered":"https:\/\/alepposhop.eu\/qamar-al-din-getrocknete-aprikosen-damas-2-bag-800-g\/"},"modified":"2023-04-24T01:00:14","modified_gmt":"2023-04-23T23:00:14","slug":"qamar-al-din-getrocknete-aprikosen-damas-2-bag-800-g","status":"publish","type":"product","link":"https:\/\/alepposhop.eu\/de\/qamar-al-din-getrocknete-aprikosen-damas-2-bag-800-g\/","title":{"rendered":"Qamar al -Din (getrocknete Aprikosen) Damas &#8211; 2 Bag 800 g"},"content":{"rendered":"<p style=\"text-align: center;\">Getrocknete Aprikosen mit hoher Qualit\u00e4t, bei denen die besten frischen Fr\u00fcchte ausgew\u00e4hlt und sorgf\u00e4ltig getrocknet wurden, um ihren k\u00f6stlichen Geschmack und ihren k\u00f6stlichen Wert zu halten. Das Produkt ist in zwei Papieren mit einem Gesamtgewicht von 800 g ausgestattet, was es f\u00fcr eine lange Zeit geeignet ist oder sie zu Hause genutzt wird. Gepunkteter Satellit kann als S\u00fc\u00dfigkeiten verwendet werden oder zu vielen Gerichten hinzuf\u00fcgen, um Geschmack und Ern\u00e4hrungswert zu verleihen<\/p>\n<h2 style=\"text-align: center;\">Qamar al -Din, getrocknete Aprikosen, Mond der Religion<\/h2>\n<h2 style=\"text-align: center;\">W\u00f6chentliche Angebote<\/h2>\n<p style=\"text-align: center;\">Qamar al -Din<\/p>\n<p style=\"text-align: center;\">Aleppo Shop<\/p>\n<p style=\"text-align: center;\">Qamar al -Din, getrocknete Aprikosen, Mond der Religion<\/p>\n<p style=\"text-align: center;\">\n","protected":false},"excerpt":{"rendered":"<p>Qamar al -Din, getrocknete Aprikosen, Mond der Religion<\/p>\n","protected":false},"featured_media":23955,"template":"","meta":[],"product_brand":[],"product_cat":[2280],"product_tag":[],"class_list":{"0":"post-24144","1":"product","2":"type-product","3":"status-publish","4":"has-post-thumbnail","6":"product_cat-wochentliche-angebote","8":"first","9":"outofstock","10":"sold-individually","11":"taxable","12":"shipping-taxable","13":"purchasable","14":"product-type-simple"},"_links":{"self":[{"href":"https:\/\/alepposhop.eu\/de\/wp-json\/wp\/v2\/product\/24144"}],"collection":[{"href":"https:\/\/alepposhop.eu\/de\/wp-json\/wp\/v2\/product"}],"about":[{"href":"https:\/\/alepposhop.eu\/de\/wp-json\/wp\/v2\/types\/product"}],"wp:featuredmedia":[{"embeddable":true,"href":"https:\/\/alepposhop.eu\/de\/wp-json\/wp\/v2\/media\/23955"}],"wp:attachment":[{"href":"https:\/\/alepposhop.eu\/de\/wp-json\/wp\/v2\/media?parent=24144"}],"wp:term":[{"taxonomy":"product_brand","embeddable":true,"href":"https:\/\/alepposhop.eu\/de\/wp-json\/wp\/v2\/product_brand?post=24144"},{"taxonomy":"product_cat","embeddable":true,"href":"https:\/\/alepposhop.eu\/de\/wp-json\/wp\/v2\/product_cat?post=24144"},{"taxonomy":"product_tag","embeddable":true,"href":"https:\/\/alepposhop.eu\/de\/wp-json\/wp\/v2\/product_tag?post=24144"}],"curies":[{"name":"wp","href":"https:\/\/api.w.org\/{rel}","templated":true}]}}