{"id":24160,"date":"2023-03-24T04:06:46","date_gmt":"2023-03-24T03:24:19","guid":{"rendered":"https:\/\/alepposhop.eu\/kasm-kichererbsen-4-stuecke\/"},"modified":"2023-04-24T01:00:13","modified_gmt":"2023-04-23T23:00:13","slug":"kasm-kichererbsen-4-stuecke","status":"publish","type":"product","link":"https:\/\/alepposhop.eu\/de\/kasm-kichererbsen-4-stuecke\/","title":{"rendered":"Kasm Kichererbsen &#8211; 4 St\u00fccke"},"content":{"rendered":"<p style=\"text-align: center;\">Ein B\u00fcndel enth\u00e4lt 4 St\u00fccke Kichererbsen, eine Art Kichererbsen, die in der \u00f6stlichen K\u00fcche bekannt sind.<\/p>\n<h2 style=\"text-align: center;\">Homs, homs al -kisi, syrische homs, libanesische homs<\/h2>\n<h2 style=\"text-align: center;\">saisonale Angebote<\/h2>\n<p style=\"text-align: center;\">Hummus<\/p>\n<p style=\"text-align: center;\">Aleppo Shop<\/p>\n<p style=\"text-align: center;\">Homs, homs al -kisi, syrische homs, libanesische homs<\/p>\n<p style=\"text-align: center;\">\n","protected":false},"excerpt":{"rendered":"<p>Homs, homs al -kisi, syrische homs, libanesische homs<\/p>\n","protected":false},"featured_media":23971,"template":"","meta":[],"product_brand":[],"product_cat":[2279],"product_tag":[],"class_list":{"0":"post-24160","1":"product","2":"type-product","3":"status-publish","4":"has-post-thumbnail","6":"product_cat-saisonale-angebote","8":"first","9":"outofstock","10":"sold-individually","11":"taxable","12":"shipping-taxable","13":"purchasable","14":"product-type-simple"},"_links":{"self":[{"href":"https:\/\/alepposhop.eu\/de\/wp-json\/wp\/v2\/product\/24160"}],"collection":[{"href":"https:\/\/alepposhop.eu\/de\/wp-json\/wp\/v2\/product"}],"about":[{"href":"https:\/\/alepposhop.eu\/de\/wp-json\/wp\/v2\/types\/product"}],"wp:featuredmedia":[{"embeddable":true,"href":"https:\/\/alepposhop.eu\/de\/wp-json\/wp\/v2\/media\/23971"}],"wp:attachment":[{"href":"https:\/\/alepposhop.eu\/de\/wp-json\/wp\/v2\/media?parent=24160"}],"wp:term":[{"taxonomy":"product_brand","embeddable":true,"href":"https:\/\/alepposhop.eu\/de\/wp-json\/wp\/v2\/product_brand?post=24160"},{"taxonomy":"product_cat","embeddable":true,"href":"https:\/\/alepposhop.eu\/de\/wp-json\/wp\/v2\/product_cat?post=24160"},{"taxonomy":"product_tag","embeddable":true,"href":"https:\/\/alepposhop.eu\/de\/wp-json\/wp\/v2\/product_tag?post=24160"}],"curies":[{"name":"wp","href":"https:\/\/api.w.org\/{rel}","templated":true}]}}