{"id":24164,"date":"2023-03-24T04:06:46","date_gmt":"2023-03-24T03:24:19","guid":{"rendered":"https:\/\/alepposhop.eu\/narb-pistazie-extra-halbe-pille-1-kg\/"},"modified":"2023-04-23T01:00:30","modified_gmt":"2023-04-22T23:00:30","slug":"narb-pistazie-extra-halbe-pille-1-kg","status":"publish","type":"product","link":"https:\/\/alepposhop.eu\/de\/narb-pistazie-extra-halbe-pille-1-kg\/","title":{"rendered":"Narb Pistazie (extra) halbe Pille &#8211; 1 kg"},"content":{"rendered":"<p style=\"text-align: center;\">Die rohe Pistazien ist durch seinen reichen und einzigartigen Geschmack gekennzeichnet und ist eine reichhaltige Quelle f\u00fcr Proteine \u200b\u200bund di\u00e4tetische Ballaststoffe. Dieses Produkt kommt 1 Kilogramm und ist sorgf\u00e4ltig gepackt, um die Qualit\u00e4t des Produkts aufrechtzuerhalten.<\/p>\n<h2 style=\"text-align: center;\">Halabi -Pistazien, rohe Pistazien, Pistazien<\/h2>\n<h2 style=\"text-align: center;\">saisonale Angebote<\/h2>\n<p style=\"text-align: center;\">Pistazie<\/p>\n<p style=\"text-align: center;\">Aleppo Shop<\/p>\n<p style=\"text-align: center;\">Halabi -Pistazien, rohe Pistazien, Pistazien<\/p>\n<p style=\"text-align: center;\">\n","protected":false},"excerpt":{"rendered":"<p>Halabi -Pistazien, rohe Pistazien, Pistazien<\/p>\n","protected":false},"featured_media":23975,"template":"","meta":[],"product_brand":[],"product_cat":[2279],"product_tag":[],"class_list":{"0":"post-24164","1":"product","2":"type-product","3":"status-publish","4":"has-post-thumbnail","6":"product_cat-saisonale-angebote","8":"first","9":"outofstock","10":"sold-individually","11":"taxable","12":"shipping-taxable","13":"purchasable","14":"product-type-simple"},"_links":{"self":[{"href":"https:\/\/alepposhop.eu\/de\/wp-json\/wp\/v2\/product\/24164"}],"collection":[{"href":"https:\/\/alepposhop.eu\/de\/wp-json\/wp\/v2\/product"}],"about":[{"href":"https:\/\/alepposhop.eu\/de\/wp-json\/wp\/v2\/types\/product"}],"wp:featuredmedia":[{"embeddable":true,"href":"https:\/\/alepposhop.eu\/de\/wp-json\/wp\/v2\/media\/23975"}],"wp:attachment":[{"href":"https:\/\/alepposhop.eu\/de\/wp-json\/wp\/v2\/media?parent=24164"}],"wp:term":[{"taxonomy":"product_brand","embeddable":true,"href":"https:\/\/alepposhop.eu\/de\/wp-json\/wp\/v2\/product_brand?post=24164"},{"taxonomy":"product_cat","embeddable":true,"href":"https:\/\/alepposhop.eu\/de\/wp-json\/wp\/v2\/product_cat?post=24164"},{"taxonomy":"product_tag","embeddable":true,"href":"https:\/\/alepposhop.eu\/de\/wp-json\/wp\/v2\/product_tag?post=24164"}],"curies":[{"name":"wp","href":"https:\/\/api.w.org\/{rel}","templated":true}]}}