{"id":24172,"date":"2023-03-24T04:06:46","date_gmt":"2023-03-24T03:24:19","guid":{"rendered":"https:\/\/alepposhop.eu\/ramadan-suhoor-labneh-olive-aton-schwarze-olive-1-kg\/"},"modified":"2023-04-23T01:00:30","modified_gmt":"2023-04-22T23:00:30","slug":"ramadan-suhoor-labneh-olive-aton-schwarze-olive-1-kg","status":"publish","type":"product","link":"https:\/\/alepposhop.eu\/de\/ramadan-suhoor-labneh-olive-aton-schwarze-olive-1-kg\/","title":{"rendered":"Ramadan Suhoor &#8211; Labneh, Olive, Aton (schwarze Olive) &#8211; 1 kg"},"content":{"rendered":"<p style=\"text-align: center;\">Dieser Suhoor enth\u00e4lt eine Gruppe k\u00f6stlicher und gesunder Produkte wie 500 g Ziegelstein, 250 g Olive und 250 g Snee und hat eine Gr\u00f6\u00dfe von 1 Kilogramm und kann als leichte Mahlzeit oder als Teil der Suhoor -Mahlzeit w\u00e4hrend des Heiligen verwendet werden Monat Ramadan.<\/p>\n<h2 style=\"text-align: center;\">Syrischer Ziegel, Ziegel, Olive, Atoun, Schwarz Olive, mein Land, Bitti<\/h2>\n<h2 style=\"text-align: center;\">saisonale Angebote<\/h2>\n<p style=\"text-align: center;\">Ramadan Suhoor<\/p>\n<p style=\"text-align: center;\">Aleppo Shop<\/p>\n<p style=\"text-align: center;\">Syrischer Ziegel, Ziegel, Olive, Atoun, Schwarz Olive, mein Land, Bitti<\/p>\n<p style=\"text-align: center;\">\n","protected":false},"excerpt":{"rendered":"<p>Syrischer Ziegel, Ziegel, Olive, Atoun, Schwarz Olive, mein Land, Bitti<\/p>\n","protected":false},"featured_media":23983,"template":"","meta":[],"product_brand":[],"product_cat":[2279],"product_tag":[],"class_list":{"0":"post-24172","1":"product","2":"type-product","3":"status-publish","4":"has-post-thumbnail","6":"product_cat-saisonale-angebote","8":"first","9":"outofstock","10":"sold-individually","11":"taxable","12":"shipping-taxable","13":"purchasable","14":"product-type-simple"},"_links":{"self":[{"href":"https:\/\/alepposhop.eu\/de\/wp-json\/wp\/v2\/product\/24172"}],"collection":[{"href":"https:\/\/alepposhop.eu\/de\/wp-json\/wp\/v2\/product"}],"about":[{"href":"https:\/\/alepposhop.eu\/de\/wp-json\/wp\/v2\/types\/product"}],"wp:featuredmedia":[{"embeddable":true,"href":"https:\/\/alepposhop.eu\/de\/wp-json\/wp\/v2\/media\/23983"}],"wp:attachment":[{"href":"https:\/\/alepposhop.eu\/de\/wp-json\/wp\/v2\/media?parent=24172"}],"wp:term":[{"taxonomy":"product_brand","embeddable":true,"href":"https:\/\/alepposhop.eu\/de\/wp-json\/wp\/v2\/product_brand?post=24172"},{"taxonomy":"product_cat","embeddable":true,"href":"https:\/\/alepposhop.eu\/de\/wp-json\/wp\/v2\/product_cat?post=24172"},{"taxonomy":"product_tag","embeddable":true,"href":"https:\/\/alepposhop.eu\/de\/wp-json\/wp\/v2\/product_tag?post=24172"}],"curies":[{"name":"wp","href":"https:\/\/api.w.org\/{rel}","templated":true}]}}