{"id":24176,"date":"2023-03-24T04:06:46","date_gmt":"2023-03-24T03:24:19","guid":{"rendered":"https:\/\/alepposhop.eu\/makadous-baladi-betti-400-g\/"},"modified":"2023-04-23T01:00:30","modified_gmt":"2023-04-22T23:00:30","slug":"makadous-baladi-betti-400-g","status":"publish","type":"product","link":"https:\/\/alepposhop.eu\/de\/makadous-baladi-betti-400-g\/","title":{"rendered":"Makadous Baladi (Betti) &#8211; 400 g"},"content":{"rendered":"<p style=\"text-align: center;\">Der Stadtstapel zeichnet sich durch seinen einzigartigen und k\u00f6stlichen Geschmack aus, und dieses Produkt verf\u00fcgt \u00fcber ein Gewicht von 400 Gramm und ist eng gepackt, um seinen wunderbaren Geschmack aufrechtzuerhalten.<\/p>\n<h2 style=\"text-align: center;\">McDos, N\u00fcsse, s\u00fc\u00dfes \u00d6l, mein Land<\/h2>\n<h2 style=\"text-align: center;\">saisonale Angebote<\/h2>\n<p style=\"text-align: center;\">McDsus<\/p>\n<p style=\"text-align: center;\">Aleppo Shop<\/p>\n<p style=\"text-align: center;\">McDos, N\u00fcsse, s\u00fc\u00dfes \u00d6l, mein Land<\/p>\n<p style=\"text-align: center;\">\n","protected":false},"excerpt":{"rendered":"<p>McDos, N\u00fcsse, s\u00fc\u00dfes \u00d6l, mein Land<\/p>\n","protected":false},"featured_media":23987,"template":"","meta":[],"product_brand":[],"product_cat":[2279],"product_tag":[],"class_list":{"0":"post-24176","1":"product","2":"type-product","3":"status-publish","4":"has-post-thumbnail","6":"product_cat-saisonale-angebote","8":"first","9":"outofstock","10":"sold-individually","11":"taxable","12":"shipping-taxable","13":"purchasable","14":"product-type-simple"},"_links":{"self":[{"href":"https:\/\/alepposhop.eu\/de\/wp-json\/wp\/v2\/product\/24176"}],"collection":[{"href":"https:\/\/alepposhop.eu\/de\/wp-json\/wp\/v2\/product"}],"about":[{"href":"https:\/\/alepposhop.eu\/de\/wp-json\/wp\/v2\/types\/product"}],"wp:featuredmedia":[{"embeddable":true,"href":"https:\/\/alepposhop.eu\/de\/wp-json\/wp\/v2\/media\/23987"}],"wp:attachment":[{"href":"https:\/\/alepposhop.eu\/de\/wp-json\/wp\/v2\/media?parent=24176"}],"wp:term":[{"taxonomy":"product_brand","embeddable":true,"href":"https:\/\/alepposhop.eu\/de\/wp-json\/wp\/v2\/product_brand?post=24176"},{"taxonomy":"product_cat","embeddable":true,"href":"https:\/\/alepposhop.eu\/de\/wp-json\/wp\/v2\/product_cat?post=24176"},{"taxonomy":"product_tag","embeddable":true,"href":"https:\/\/alepposhop.eu\/de\/wp-json\/wp\/v2\/product_tag?post=24176"}],"curies":[{"name":"wp","href":"https:\/\/api.w.org\/{rel}","templated":true}]}}