{"id":24180,"date":"2023-03-24T04:06:46","date_gmt":"2023-03-24T03:24:19","guid":{"rendered":"https:\/\/alepposhop.eu\/balabi-betti-3-kg\/"},"modified":"2025-02-20T14:09:16","modified_gmt":"2025-02-20T13:09:16","slug":"balabi-betti-3-kg","status":"publish","type":"product","link":"https:\/\/alepposhop.eu\/de\/balabi-betti-3-kg\/","title":{"rendered":"Weinbl\u00e4tter 3 kg (Angebot)"},"content":{"rendered":"<p style=\"text-align: center\">Gewicht: 3000 g<\/p>\n<p style=\"text-align: center\">Lokale Weinbl\u00e4tter sind ein beliebtes traditionelles Produkt in der arabischen K\u00fcche. Dieses Produkt hat ein Gewicht von 3 kg und wird sorgf\u00e4ltig verpackt, um seine Qualit\u00e4t und seinen k\u00f6stlichen Geschmack zu bewahren.<\/p>\n","protected":false},"excerpt":{"rendered":"<p>Traubenbl\u00e4tter, Blitz, K\u00f6rperntraubenbl\u00e4tter, Traubenbl\u00e4tter, syrische Traubenbl\u00e4tter<\/p>\n","protected":false},"featured_media":41692,"template":"","meta":[],"product_brand":[],"product_cat":[68,2279],"product_tag":[3502,5497,5525],"class_list":{"0":"post-24180","1":"product","2":"type-product","3":"status-publish","4":"has-post-thumbnail","6":"product_cat-lebensmittelversorgung","7":"product_cat-saisonale-angebote","8":"product_tag-offers-de","9":"product_tag--de","12":"first","13":"outofstock","14":"taxable","15":"shipping-taxable","16":"purchasable","17":"product-type-simple"},"_links":{"self":[{"href":"https:\/\/alepposhop.eu\/de\/wp-json\/wp\/v2\/product\/24180"}],"collection":[{"href":"https:\/\/alepposhop.eu\/de\/wp-json\/wp\/v2\/product"}],"about":[{"href":"https:\/\/alepposhop.eu\/de\/wp-json\/wp\/v2\/types\/product"}],"wp:featuredmedia":[{"embeddable":true,"href":"https:\/\/alepposhop.eu\/de\/wp-json\/wp\/v2\/media\/41692"}],"wp:attachment":[{"href":"https:\/\/alepposhop.eu\/de\/wp-json\/wp\/v2\/media?parent=24180"}],"wp:term":[{"taxonomy":"product_brand","embeddable":true,"href":"https:\/\/alepposhop.eu\/de\/wp-json\/wp\/v2\/product_brand?post=24180"},{"taxonomy":"product_cat","embeddable":true,"href":"https:\/\/alepposhop.eu\/de\/wp-json\/wp\/v2\/product_cat?post=24180"},{"taxonomy":"product_tag","embeddable":true,"href":"https:\/\/alepposhop.eu\/de\/wp-json\/wp\/v2\/product_tag?post=24180"}],"curies":[{"name":"wp","href":"https:\/\/api.w.org\/{rel}","templated":true}]}}