{"id":24184,"date":"2023-03-24T04:06:46","date_gmt":"2023-03-24T03:24:19","guid":{"rendered":"https:\/\/alepposhop.eu\/grauer-kaese-laehmung-von-lichtsalz-800-g\/"},"modified":"2023-04-23T01:00:30","modified_gmt":"2023-04-22T23:00:30","slug":"grauer-kaese-laehmung-von-lichtsalz-800-g","status":"publish","type":"product","link":"https:\/\/alepposhop.eu\/de\/grauer-kaese-laehmung-von-lichtsalz-800-g\/","title":{"rendered":"Grauer K\u00e4se (L\u00e4hmung von Lichtsalz) &#8211; 800 g"},"content":{"rendered":"<p style=\"text-align: center;\">Der graue K\u00e4se wird mit k\u00f6stlichem Geschmack und Lichtsalz in seiner Komposition gel\u00e4hmt, mit einem Gewicht von 800 g.<\/p>\n<h2 style=\"text-align: center;\">Paradise Paradies, gel\u00e4hmte Seite, Geflecht K\u00e4se, Gro\u00dfvater K\u00e4se, Stadtk\u00e4se, syrischer K\u00e4se<\/h2>\n<h2 style=\"text-align: center;\">saisonale Angebote<\/h2>\n<p style=\"text-align: center;\">Gel\u00e4hmter K\u00e4se<\/p>\n<p style=\"text-align: center;\">Aleppo Shop<\/p>\n<p style=\"text-align: center;\">Paradise Paradies, gel\u00e4hmte Seite, Geflecht K\u00e4se, Gro\u00dfvater K\u00e4se, Stadtk\u00e4se, syrischer K\u00e4se<\/p>\n<p style=\"text-align: center;\">\n","protected":false},"excerpt":{"rendered":"<p>Paradise Paradies, gel\u00e4hmte Seite, Geflecht K\u00e4se, Gro\u00dfvater K\u00e4se, Stadtk\u00e4se, syrischer K\u00e4se<\/p>\n","protected":false},"featured_media":23995,"template":"","meta":[],"product_brand":[],"product_cat":[2279],"product_tag":[],"class_list":{"0":"post-24184","1":"product","2":"type-product","3":"status-publish","4":"has-post-thumbnail","6":"product_cat-saisonale-angebote","8":"first","9":"outofstock","10":"sold-individually","11":"taxable","12":"shipping-taxable","13":"purchasable","14":"product-type-simple"},"_links":{"self":[{"href":"https:\/\/alepposhop.eu\/de\/wp-json\/wp\/v2\/product\/24184"}],"collection":[{"href":"https:\/\/alepposhop.eu\/de\/wp-json\/wp\/v2\/product"}],"about":[{"href":"https:\/\/alepposhop.eu\/de\/wp-json\/wp\/v2\/types\/product"}],"wp:featuredmedia":[{"embeddable":true,"href":"https:\/\/alepposhop.eu\/de\/wp-json\/wp\/v2\/media\/23995"}],"wp:attachment":[{"href":"https:\/\/alepposhop.eu\/de\/wp-json\/wp\/v2\/media?parent=24184"}],"wp:term":[{"taxonomy":"product_brand","embeddable":true,"href":"https:\/\/alepposhop.eu\/de\/wp-json\/wp\/v2\/product_brand?post=24184"},{"taxonomy":"product_cat","embeddable":true,"href":"https:\/\/alepposhop.eu\/de\/wp-json\/wp\/v2\/product_cat?post=24184"},{"taxonomy":"product_tag","embeddable":true,"href":"https:\/\/alepposhop.eu\/de\/wp-json\/wp\/v2\/product_tag?post=24184"}],"curies":[{"name":"wp","href":"https:\/\/api.w.org\/{rel}","templated":true}]}}