{"id":24204,"date":"2023-03-24T04:09:48","date_gmt":"2023-03-24T03:25:26","guid":{"rendered":"https:\/\/alepposhop.eu\/spectected-weisskaese-lichtsalzwuerfel-800-g\/"},"modified":"2023-04-23T01:00:31","modified_gmt":"2023-04-22T23:00:31","slug":"spectected-weisskaese-lichtsalzwuerfel-800-g","status":"publish","type":"product","link":"https:\/\/alepposhop.eu\/de\/spectected-weisskaese-lichtsalzwuerfel-800-g\/","title":{"rendered":"Spectected Wei\u00dfk\u00e4se (Lichtsalzw\u00fcrfel) &#8211; 800 g"},"content":{"rendered":"<p style=\"text-align: center;\">\u00d6ko -ausgerichteter Wei\u00dfk\u00e4se ist in Form von W\u00fcrfeln und Lichtsalz in seiner Komposition und mit einem Gewicht von 800 g aus.<\/p>\n<h2 style=\"text-align: center;\">K\u00e4se, W\u00fcrfel K\u00e4se, kommunaler K\u00e4se, Sonnenfinsternisk\u00e4se, syrischer K\u00e4se<\/h2>\n<h2 style=\"text-align: center;\">saisonale Angebote<\/h2>\n<p style=\"text-align: center;\">Finsternis<\/p>\n<p style=\"text-align: center;\">Aleppo Shop<\/p>\n<p style=\"text-align: center;\">K\u00e4se, W\u00fcrfel K\u00e4se, kommunaler K\u00e4se, Sonnenfinsternisk\u00e4se, syrischer K\u00e4se<\/p>\n<p style=\"text-align: center;\">\n","protected":false},"excerpt":{"rendered":"<p>K\u00e4se, W\u00fcrfel K\u00e4se, kommunaler K\u00e4se, Sonnenfinsternisk\u00e4se, syrischer K\u00e4se<\/p>\n","protected":false},"featured_media":24015,"template":"","meta":[],"product_brand":[],"product_cat":[2279],"product_tag":[],"class_list":{"0":"post-24204","1":"product","2":"type-product","3":"status-publish","4":"has-post-thumbnail","6":"product_cat-saisonale-angebote","8":"first","9":"outofstock","10":"sold-individually","11":"taxable","12":"shipping-taxable","13":"purchasable","14":"product-type-simple"},"_links":{"self":[{"href":"https:\/\/alepposhop.eu\/de\/wp-json\/wp\/v2\/product\/24204"}],"collection":[{"href":"https:\/\/alepposhop.eu\/de\/wp-json\/wp\/v2\/product"}],"about":[{"href":"https:\/\/alepposhop.eu\/de\/wp-json\/wp\/v2\/types\/product"}],"wp:featuredmedia":[{"embeddable":true,"href":"https:\/\/alepposhop.eu\/de\/wp-json\/wp\/v2\/media\/24015"}],"wp:attachment":[{"href":"https:\/\/alepposhop.eu\/de\/wp-json\/wp\/v2\/media?parent=24204"}],"wp:term":[{"taxonomy":"product_brand","embeddable":true,"href":"https:\/\/alepposhop.eu\/de\/wp-json\/wp\/v2\/product_brand?post=24204"},{"taxonomy":"product_cat","embeddable":true,"href":"https:\/\/alepposhop.eu\/de\/wp-json\/wp\/v2\/product_cat?post=24204"},{"taxonomy":"product_tag","embeddable":true,"href":"https:\/\/alepposhop.eu\/de\/wp-json\/wp\/v2\/product_tag?post=24204"}],"curies":[{"name":"wp","href":"https:\/\/api.w.org\/{rel}","templated":true}]}}