{"id":24837,"date":"2023-04-17T02:31:48","date_gmt":"2023-04-17T00:51:50","guid":{"rendered":"https:\/\/alepposhop.eu\/kokosnussbonbons-nashed-bros\/"},"modified":"2026-03-06T02:41:18","modified_gmt":"2026-03-06T01:41:18","slug":"kokosnussbonbons-nashed-bros","status":"publish","type":"product","link":"https:\/\/alepposhop.eu\/de\/kokosnussbonbons-nashed-bros\/","title":{"rendered":"Kokosnussbonbons &#8211; Nashed Bros"},"content":{"rendered":"<p style=\"text-align: center\">Kokosnussbonbons &#8211; Nashed Bros<\/p>\n<h2 style=\"text-align: center\">Nashed -S\u00fc\u00dfigkeiten, Nashed, Kokosnuss, Kokosnusswr\u00fcger, Kokosnussgef\u00fcllte, Eid Angebote<\/h2>\n<h2 style=\"text-align: center\">saisonale Angebote<\/h2>\n<p style=\"text-align: center\">S\u00fcssigkeit<\/p>\n<p style=\"text-align: center\">Nashed Bros<\/p>\n<p style=\"text-align: center\">Nashed -S\u00fc\u00dfigkeiten, Nashed, Kokosnuss, Kokosnusswr\u00fcger, Kokosnussgef\u00fcllte, Eid Angebote<\/p>\n<p style=\"text-align: center\">\n","protected":false},"excerpt":{"rendered":"<p>Nashed -S\u00fc\u00dfigkeiten, Nashed, Kokosnuss, Kokosnusswr\u00fcger, Kokosnussgef\u00fcllte, Eid Angebote<\/p>\n","protected":false},"featured_media":24695,"template":"","meta":[],"product_brand":[],"product_cat":[5845,2279],"product_tag":[],"class_list":{"0":"post-24837","1":"product","2":"type-product","3":"status-publish","4":"has-post-thumbnail","6":"product_cat-auktion","7":"product_cat-saisonale-angebote","9":"first","10":"instock","11":"sale","12":"taxable","13":"shipping-taxable","14":"purchasable","15":"product-type-simple"},"_links":{"self":[{"href":"https:\/\/alepposhop.eu\/de\/wp-json\/wp\/v2\/product\/24837"}],"collection":[{"href":"https:\/\/alepposhop.eu\/de\/wp-json\/wp\/v2\/product"}],"about":[{"href":"https:\/\/alepposhop.eu\/de\/wp-json\/wp\/v2\/types\/product"}],"wp:featuredmedia":[{"embeddable":true,"href":"https:\/\/alepposhop.eu\/de\/wp-json\/wp\/v2\/media\/24695"}],"wp:attachment":[{"href":"https:\/\/alepposhop.eu\/de\/wp-json\/wp\/v2\/media?parent=24837"}],"wp:term":[{"taxonomy":"product_brand","embeddable":true,"href":"https:\/\/alepposhop.eu\/de\/wp-json\/wp\/v2\/product_brand?post=24837"},{"taxonomy":"product_cat","embeddable":true,"href":"https:\/\/alepposhop.eu\/de\/wp-json\/wp\/v2\/product_cat?post=24837"},{"taxonomy":"product_tag","embeddable":true,"href":"https:\/\/alepposhop.eu\/de\/wp-json\/wp\/v2\/product_tag?post=24837"}],"curies":[{"name":"wp","href":"https:\/\/api.w.org\/{rel}","templated":true}]}}