{"id":24861,"date":"2023-04-17T02:31:48","date_gmt":"2023-04-17T00:51:50","guid":{"rendered":"https:\/\/alepposhop.eu\/raha-pistazien-dreieck-jamal-watfeh\/"},"modified":"2025-12-16T13:13:30","modified_gmt":"2025-12-16T12:13:30","slug":"raha-pistazien-dreieck-jamal-watfeh","status":"publish","type":"product","link":"https:\/\/alepposhop.eu\/de\/raha-pistazien-dreieck-jamal-watfeh\/","title":{"rendered":"Raha Pistazien (Dreieck) Deluxe 1 kg"},"content":{"rendered":"<p style=\"text-align: center\">Gewicht: 1000 g<\/p>\n<p style=\"text-align: center\">Syrisches Raha, eine traditionelle S\u00fc\u00dfigkeit, die in Syrien und der Levante zu Festen und Feierlichkeiten unverzichtbar ist.<\/p>\n<p style=\"text-align: center\">Es zeichnet sich durch seine weiche, z\u00e4he Konsistenz und seinen einzigartigen Mastixgeschmack aus, verfeinert mit knackigen Pistazienst\u00fcckchen, die ihm eine besonders reichhaltige und k\u00f6stliche Note verleihen.<\/p>\n","protected":false},"excerpt":{"rendered":"<p>Raha Pistazien, erfreut Pistazien, Pistazien, Watfeh Sweets<\/p>\n","protected":false},"featured_media":40887,"template":"","meta":[],"product_brand":[],"product_cat":[2279],"product_tag":[3496],"class_list":{"0":"post-24861","1":"product","2":"type-product","3":"status-publish","4":"has-post-thumbnail","6":"product_cat-saisonale-angebote","7":"product_tag-raha-de","9":"first","10":"outofstock","11":"taxable","12":"shipping-taxable","13":"purchasable","14":"product-type-simple"},"_links":{"self":[{"href":"https:\/\/alepposhop.eu\/de\/wp-json\/wp\/v2\/product\/24861"}],"collection":[{"href":"https:\/\/alepposhop.eu\/de\/wp-json\/wp\/v2\/product"}],"about":[{"href":"https:\/\/alepposhop.eu\/de\/wp-json\/wp\/v2\/types\/product"}],"wp:featuredmedia":[{"embeddable":true,"href":"https:\/\/alepposhop.eu\/de\/wp-json\/wp\/v2\/media\/40887"}],"wp:attachment":[{"href":"https:\/\/alepposhop.eu\/de\/wp-json\/wp\/v2\/media?parent=24861"}],"wp:term":[{"taxonomy":"product_brand","embeddable":true,"href":"https:\/\/alepposhop.eu\/de\/wp-json\/wp\/v2\/product_brand?post=24861"},{"taxonomy":"product_cat","embeddable":true,"href":"https:\/\/alepposhop.eu\/de\/wp-json\/wp\/v2\/product_cat?post=24861"},{"taxonomy":"product_tag","embeddable":true,"href":"https:\/\/alepposhop.eu\/de\/wp-json\/wp\/v2\/product_tag?post=24861"}],"curies":[{"name":"wp","href":"https:\/\/api.w.org\/{rel}","templated":true}]}}