{"id":25936,"date":"2023-06-11T22:46:51","date_gmt":"2023-06-11T21:09:46","guid":{"rendered":"https:\/\/alepposhop.eu\/pistazien-extra-halbiert\/"},"modified":"2025-01-31T13:05:28","modified_gmt":"2025-01-31T12:05:28","slug":"pistazien-extra-halbiert","status":"publish","type":"product","link":"https:\/\/alepposhop.eu\/de\/pistazien-extra-halbiert\/","title":{"rendered":"Halbiert Pistazien (extra Qualit\u00e4t)"},"content":{"rendered":"<p style=\"text-align: center\">Gewicht: 500 g<\/p>\n<p style=\"text-align: center\">\n<p style=\"text-align: center\">Die Nordk\u00fcste des Mittelmeers ist bekannt f\u00fcr die Produktion einer der bekanntesten Pistaziensorten in der Welt der S\u00fc\u00dfigkeiten, der Aleppo-Pistazie, die f\u00fcr ihren k\u00f6stlichen Geschmack und ihren hohen N\u00e4hrwert sehr bekannt ist.<\/p>\n<p style=\"text-align: center\">Es wird haupts\u00e4chlich in den meisten orientalischen und arabischen S\u00fc\u00dfigkeiten verwendet.<\/p>\n","protected":false},"excerpt":{"rendered":"<p>Pistazien, S\u00fc\u00dfigkeiten, Oriantel-S\u00fc\u00dfigkeiten, Baklava<\/p>\n","protected":false},"featured_media":25459,"template":"","meta":[],"product_brand":[],"product_cat":[71],"product_tag":[],"class_list":{"0":"post-25936","1":"product","2":"type-product","3":"status-publish","4":"has-post-thumbnail","6":"product_cat-nusse-und-samen","8":"first","9":"outofstock","10":"taxable","11":"shipping-taxable","12":"purchasable","13":"product-type-simple"},"_links":{"self":[{"href":"https:\/\/alepposhop.eu\/de\/wp-json\/wp\/v2\/product\/25936"}],"collection":[{"href":"https:\/\/alepposhop.eu\/de\/wp-json\/wp\/v2\/product"}],"about":[{"href":"https:\/\/alepposhop.eu\/de\/wp-json\/wp\/v2\/types\/product"}],"wp:featuredmedia":[{"embeddable":true,"href":"https:\/\/alepposhop.eu\/de\/wp-json\/wp\/v2\/media\/25459"}],"wp:attachment":[{"href":"https:\/\/alepposhop.eu\/de\/wp-json\/wp\/v2\/media?parent=25936"}],"wp:term":[{"taxonomy":"product_brand","embeddable":true,"href":"https:\/\/alepposhop.eu\/de\/wp-json\/wp\/v2\/product_brand?post=25936"},{"taxonomy":"product_cat","embeddable":true,"href":"https:\/\/alepposhop.eu\/de\/wp-json\/wp\/v2\/product_cat?post=25936"},{"taxonomy":"product_tag","embeddable":true,"href":"https:\/\/alepposhop.eu\/de\/wp-json\/wp\/v2\/product_tag?post=25936"}],"curies":[{"name":"wp","href":"https:\/\/api.w.org\/{rel}","templated":true}]}}