{"id":25940,"date":"2023-06-11T22:46:51","date_gmt":"2023-06-11T21:09:46","guid":{"rendered":"https:\/\/alepposhop.eu\/knuspriger-kokoskeks-2-seiten\/"},"modified":"2025-01-14T04:44:24","modified_gmt":"2025-01-14T03:44:24","slug":"knuspriger-kokoskeks-2-seiten","status":"publish","type":"product","link":"https:\/\/alepposhop.eu\/de\/knuspriger-kokoskeks-2-seiten\/","title":{"rendered":"Knuspriger Kokoskeks  2 Schichten"},"content":{"rendered":"<p style=\"text-align: center\">Gewicht: 140 g<\/p>\n<p style=\"text-align: center\">Kokosnussscheiben sind eine der syrischen S\u00fc\u00dfspeisen, die einfach zuzubereiten sind. Sie zeichnen sich durch ihre knusprige Textur und ihren k\u00f6stlichen Geschmack aus. Beim Backen im Ofen nimmt die Kokosnuss eine braune oder goldene Farbe an.<\/p>\n<p style=\"text-align: center\">\n","protected":false},"excerpt":{"rendered":"<p>S\u00fc\u00dfigkeiten, Kokosnuss<\/p>\n","protected":false},"featured_media":25463,"template":"","meta":[],"product_brand":[],"product_cat":[72],"product_tag":[],"class_list":{"0":"post-25940","1":"product","2":"type-product","3":"status-publish","4":"has-post-thumbnail","6":"product_cat-orientalische-susigkeiten","8":"first","9":"instock","10":"taxable","11":"shipping-taxable","12":"purchasable","13":"product-type-simple"},"_links":{"self":[{"href":"https:\/\/alepposhop.eu\/de\/wp-json\/wp\/v2\/product\/25940"}],"collection":[{"href":"https:\/\/alepposhop.eu\/de\/wp-json\/wp\/v2\/product"}],"about":[{"href":"https:\/\/alepposhop.eu\/de\/wp-json\/wp\/v2\/types\/product"}],"wp:featuredmedia":[{"embeddable":true,"href":"https:\/\/alepposhop.eu\/de\/wp-json\/wp\/v2\/media\/25463"}],"wp:attachment":[{"href":"https:\/\/alepposhop.eu\/de\/wp-json\/wp\/v2\/media?parent=25940"}],"wp:term":[{"taxonomy":"product_brand","embeddable":true,"href":"https:\/\/alepposhop.eu\/de\/wp-json\/wp\/v2\/product_brand?post=25940"},{"taxonomy":"product_cat","embeddable":true,"href":"https:\/\/alepposhop.eu\/de\/wp-json\/wp\/v2\/product_cat?post=25940"},{"taxonomy":"product_tag","embeddable":true,"href":"https:\/\/alepposhop.eu\/de\/wp-json\/wp\/v2\/product_tag?post=25940"}],"curies":[{"name":"wp","href":"https:\/\/api.w.org\/{rel}","templated":true}]}}