{"id":25948,"date":"2023-06-11T22:46:51","date_gmt":"2023-06-11T21:09:46","guid":{"rendered":"https:\/\/alepposhop.eu\/salora-suessigkeiten-mit-ghee-1000-g\/"},"modified":"2023-06-11T23:09:57","modified_gmt":"2023-06-11T21:09:57","slug":"salora-suessigkeiten-mit-ghee-1000-g","status":"publish","type":"product","link":"https:\/\/alepposhop.eu\/de\/salora-suessigkeiten-mit-ghee-1000-g\/","title":{"rendered":"Salora-S\u00fc\u00dfigkeiten mit Ghee 1000 g"},"content":{"rendered":"<p style=\"text-align: center;\">S\u00fc\u00df mit arabischem Ghee und Pistazien, eine der feinsten Arten von Aleppo-S\u00fc\u00dfigkeiten, hergestellt in den ber\u00fchmten Salora-L\u00e4den<\/p>\n<h2 style=\"text-align: center;\">S\u00fc\u00dfigkeiten, orientalische S\u00fc\u00dfigkeiten, arabische S\u00fc\u00dfigkeiten, Baklava<\/h2>\n<h2 style=\"text-align: center;\">Orientalische S\u00fc\u00dfigkeiten<\/h2>\n<p style=\"text-align: center;\">orientalische S\u00fc\u00dfigkeiten<\/p>\n<p style=\"text-align: center;\">Salora<\/p>\n<p style=\"text-align: center;\">mehl,zucker,ghee,pistazien<\/p>\n<p style=\"text-align: center;\">\n","protected":false},"excerpt":{"rendered":"<p>S\u00fc\u00dfigkeiten, orientalische S\u00fc\u00dfigkeiten, arabische S\u00fc\u00dfigkeiten, Baklava<\/p>\n","protected":false},"featured_media":25471,"template":"","meta":[],"product_brand":[],"product_cat":[72],"product_tag":[],"class_list":{"0":"post-25948","1":"product","2":"type-product","3":"status-publish","4":"has-post-thumbnail","6":"product_cat-orientalische-susigkeiten","8":"first","9":"outofstock","10":"taxable","11":"shipping-taxable","12":"purchasable","13":"product-type-simple"},"_links":{"self":[{"href":"https:\/\/alepposhop.eu\/de\/wp-json\/wp\/v2\/product\/25948"}],"collection":[{"href":"https:\/\/alepposhop.eu\/de\/wp-json\/wp\/v2\/product"}],"about":[{"href":"https:\/\/alepposhop.eu\/de\/wp-json\/wp\/v2\/types\/product"}],"wp:featuredmedia":[{"embeddable":true,"href":"https:\/\/alepposhop.eu\/de\/wp-json\/wp\/v2\/media\/25471"}],"wp:attachment":[{"href":"https:\/\/alepposhop.eu\/de\/wp-json\/wp\/v2\/media?parent=25948"}],"wp:term":[{"taxonomy":"product_brand","embeddable":true,"href":"https:\/\/alepposhop.eu\/de\/wp-json\/wp\/v2\/product_brand?post=25948"},{"taxonomy":"product_cat","embeddable":true,"href":"https:\/\/alepposhop.eu\/de\/wp-json\/wp\/v2\/product_cat?post=25948"},{"taxonomy":"product_tag","embeddable":true,"href":"https:\/\/alepposhop.eu\/de\/wp-json\/wp\/v2\/product_tag?post=25948"}],"curies":[{"name":"wp","href":"https:\/\/api.w.org\/{rel}","templated":true}]}}