{"id":25956,"date":"2023-06-11T22:46:51","date_gmt":"2023-06-11T21:09:46","guid":{"rendered":"https:\/\/alepposhop.eu\/salora-petit-four-900g\/"},"modified":"2023-06-11T23:10:03","modified_gmt":"2023-06-11T21:10:03","slug":"salora-petit-four-900g","status":"publish","type":"product","link":"https:\/\/alepposhop.eu\/de\/salora-petit-four-900g\/","title":{"rendered":"Salora Petit Four 900g"},"content":{"rendered":"<p style=\"text-align: center;\">Petit Four gilt als eine der einfach zuzubereitenden Dessertarten und seine Pr\u00e4sentation wird mit Manifestationen von Freude und Freude in Verbindung gebracht. Petit Four wird oft zu besonderen Anl\u00e4ssen und Feiertagen serviert.<\/p>\n<h2 style=\"text-align: center;\">S\u00fc\u00dfigkeiten, orientalische S\u00fc\u00dfigkeiten, arabische S\u00fc\u00dfigkeiten, Baklava<\/h2>\n<h2 style=\"text-align: center;\">Orientalische S\u00fc\u00dfigkeiten<\/h2>\n<p style=\"text-align: center;\">orientalische S\u00fc\u00dfigkeiten<\/p>\n<p style=\"text-align: center;\">Salora<\/p>\n<p style=\"text-align: center;\">mehl,zucker,ghee,pistazien,kakao,mandeln,milch,vanille<\/p>\n<p style=\"text-align: center;\">\n","protected":false},"excerpt":{"rendered":"<p>S\u00fc\u00dfigkeiten, orientalische S\u00fc\u00dfigkeiten, arabische S\u00fc\u00dfigkeiten, Baklava<\/p>\n","protected":false},"featured_media":25479,"template":"","meta":[],"product_brand":[],"product_cat":[72],"product_tag":[],"class_list":{"0":"post-25956","1":"product","2":"type-product","3":"status-publish","4":"has-post-thumbnail","6":"product_cat-orientalische-susigkeiten","8":"first","9":"outofstock","10":"taxable","11":"shipping-taxable","12":"purchasable","13":"product-type-simple"},"_links":{"self":[{"href":"https:\/\/alepposhop.eu\/de\/wp-json\/wp\/v2\/product\/25956"}],"collection":[{"href":"https:\/\/alepposhop.eu\/de\/wp-json\/wp\/v2\/product"}],"about":[{"href":"https:\/\/alepposhop.eu\/de\/wp-json\/wp\/v2\/types\/product"}],"wp:featuredmedia":[{"embeddable":true,"href":"https:\/\/alepposhop.eu\/de\/wp-json\/wp\/v2\/media\/25479"}],"wp:attachment":[{"href":"https:\/\/alepposhop.eu\/de\/wp-json\/wp\/v2\/media?parent=25956"}],"wp:term":[{"taxonomy":"product_brand","embeddable":true,"href":"https:\/\/alepposhop.eu\/de\/wp-json\/wp\/v2\/product_brand?post=25956"},{"taxonomy":"product_cat","embeddable":true,"href":"https:\/\/alepposhop.eu\/de\/wp-json\/wp\/v2\/product_cat?post=25956"},{"taxonomy":"product_tag","embeddable":true,"href":"https:\/\/alepposhop.eu\/de\/wp-json\/wp\/v2\/product_tag?post=25956"}],"curies":[{"name":"wp","href":"https:\/\/api.w.org\/{rel}","templated":true}]}}