{"id":25960,"date":"2023-06-11T22:46:51","date_gmt":"2023-06-11T21:09:46","guid":{"rendered":"https:\/\/alepposhop.eu\/salora-salzkuchen-griess-kahk\/"},"modified":"2023-06-11T23:10:07","modified_gmt":"2023-06-11T21:10:07","slug":"salora-salzkuchen-griess-kahk","status":"publish","type":"product","link":"https:\/\/alepposhop.eu\/de\/salora-salzkuchen-griess-kahk\/","title":{"rendered":"Salora-Salzkuchen (Grie\u00df-Kahk)"},"content":{"rendered":"<p style=\"text-align: center;\">Salzige Kuchen sind beliebte herzhafte Gerichte, die mit Tee und cremigen Desserts serviert werden k\u00f6nnen, um die S\u00fc\u00dfe aufzulockern<\/p>\n<h2 style=\"text-align: center;\">Kuchen, arabische S\u00fc\u00dfigkeiten, Salz, Ghee<\/h2>\n<h2 style=\"text-align: center;\">Orientalische S\u00fc\u00dfigkeiten<\/h2>\n<p style=\"text-align: center;\">orientalische S\u00fc\u00dfigkeiten<\/p>\n<p style=\"text-align: center;\">Salora<\/p>\n<p style=\"text-align: center;\">flour,salt,ghee,<\/p>\n<p style=\"text-align: center;\">\n","protected":false},"excerpt":{"rendered":"<p>Kuchen, arabische S\u00fc\u00dfigkeiten, Salz, Ghee<\/p>\n","protected":false},"featured_media":25483,"template":"","meta":[],"product_brand":[],"product_cat":[72],"product_tag":[],"class_list":{"0":"post-25960","1":"product","2":"type-product","3":"status-publish","4":"has-post-thumbnail","6":"product_cat-orientalische-susigkeiten","8":"first","9":"outofstock","10":"taxable","11":"shipping-taxable","12":"purchasable","13":"product-type-simple"},"_links":{"self":[{"href":"https:\/\/alepposhop.eu\/de\/wp-json\/wp\/v2\/product\/25960"}],"collection":[{"href":"https:\/\/alepposhop.eu\/de\/wp-json\/wp\/v2\/product"}],"about":[{"href":"https:\/\/alepposhop.eu\/de\/wp-json\/wp\/v2\/types\/product"}],"wp:featuredmedia":[{"embeddable":true,"href":"https:\/\/alepposhop.eu\/de\/wp-json\/wp\/v2\/media\/25483"}],"wp:attachment":[{"href":"https:\/\/alepposhop.eu\/de\/wp-json\/wp\/v2\/media?parent=25960"}],"wp:term":[{"taxonomy":"product_brand","embeddable":true,"href":"https:\/\/alepposhop.eu\/de\/wp-json\/wp\/v2\/product_brand?post=25960"},{"taxonomy":"product_cat","embeddable":true,"href":"https:\/\/alepposhop.eu\/de\/wp-json\/wp\/v2\/product_cat?post=25960"},{"taxonomy":"product_tag","embeddable":true,"href":"https:\/\/alepposhop.eu\/de\/wp-json\/wp\/v2\/product_tag?post=25960"}],"curies":[{"name":"wp","href":"https:\/\/api.w.org\/{rel}","templated":true}]}}