{"id":25968,"date":"2023-06-11T22:46:51","date_gmt":"2023-06-11T21:09:46","guid":{"rendered":"https:\/\/alepposhop.eu\/natef\/"},"modified":"2023-06-11T23:10:15","modified_gmt":"2023-06-11T21:10:15","slug":"natef","status":"publish","type":"product","link":"https:\/\/alepposhop.eu\/de\/natef\/","title":{"rendered":"Natef"},"content":{"rendered":"<p style=\"text-align: center;\">Natif ist eine der besten Arten s\u00fc\u00dfer So\u00dfe, die zusammen mit Maamoul und knusprigen S\u00fc\u00dfigkeiten mit \u00d6l wie Al-Krabeej und Znoud El-Sit Fingers serviert wird. Natif-Sauce ist in Syrien sehr ber\u00fchmt<\/p>\n<h2 style=\"text-align: center;\">S\u00fc\u00dfigkeiten, arabische S\u00fc\u00dfigkeiten, Natef, Natif, Maamoul, Maamoul, Maamoul<\/h2>\n<h2 style=\"text-align: center;\">Orientalische S\u00fc\u00dfigkeiten<\/h2>\n<p style=\"text-align: center;\">natef<\/p>\n<p style=\"text-align: center;\">Alsamour<\/p>\n<p style=\"text-align: center;\">zucker,Eierwei\u00df<\/p>\n<p style=\"text-align: center;\">\n","protected":false},"excerpt":{"rendered":"<p>S\u00fc\u00dfigkeiten, arabische S\u00fc\u00dfigkeiten, Natef, Natif, Maamoul, Maamoul, Maamoul<\/p>\n","protected":false},"featured_media":25491,"template":"","meta":[],"product_brand":[],"product_cat":[72],"product_tag":[],"class_list":{"0":"post-25968","1":"product","2":"type-product","3":"status-publish","4":"has-post-thumbnail","6":"product_cat-orientalische-susigkeiten","8":"first","9":"outofstock","10":"taxable","11":"shipping-taxable","12":"purchasable","13":"product-type-simple"},"_links":{"self":[{"href":"https:\/\/alepposhop.eu\/de\/wp-json\/wp\/v2\/product\/25968"}],"collection":[{"href":"https:\/\/alepposhop.eu\/de\/wp-json\/wp\/v2\/product"}],"about":[{"href":"https:\/\/alepposhop.eu\/de\/wp-json\/wp\/v2\/types\/product"}],"wp:featuredmedia":[{"embeddable":true,"href":"https:\/\/alepposhop.eu\/de\/wp-json\/wp\/v2\/media\/25491"}],"wp:attachment":[{"href":"https:\/\/alepposhop.eu\/de\/wp-json\/wp\/v2\/media?parent=25968"}],"wp:term":[{"taxonomy":"product_brand","embeddable":true,"href":"https:\/\/alepposhop.eu\/de\/wp-json\/wp\/v2\/product_brand?post=25968"},{"taxonomy":"product_cat","embeddable":true,"href":"https:\/\/alepposhop.eu\/de\/wp-json\/wp\/v2\/product_cat?post=25968"},{"taxonomy":"product_tag","embeddable":true,"href":"https:\/\/alepposhop.eu\/de\/wp-json\/wp\/v2\/product_tag?post=25968"}],"curies":[{"name":"wp","href":"https:\/\/api.w.org\/{rel}","templated":true}]}}