{"id":25972,"date":"2023-06-11T22:46:51","date_gmt":"2023-06-11T21:09:46","guid":{"rendered":"https:\/\/alepposhop.eu\/oliven-mit-gruenen-knoblauch\/"},"modified":"2024-11-13T09:43:22","modified_gmt":"2024-11-13T08:43:22","slug":"oliven-mit-gruenen-knoblauch","status":"publish","type":"product","link":"https:\/\/alepposhop.eu\/de\/oliven-mit-gruenen-knoblauch\/","title":{"rendered":"Knoblauch gef\u00fcllte Oliven"},"content":{"rendered":"<p style=\"text-align: center\">Gewicht :250 g<\/p>\n<p style=\"text-align: center\">Gr\u00fcne Oliven gef\u00fcllt mit leckeren Knoblauchzehen<\/p>\n","protected":false},"excerpt":{"rendered":"<p>Fr\u00fchst\u00fcck, gr\u00fcne Olive, Olive, \u00d6l, Oliven\u00f6l, Knoblauch<\/p>\n","protected":false},"featured_media":25495,"template":"","meta":[],"product_brand":[],"product_cat":[67],"product_tag":[5482],"class_list":{"0":"post-25972","1":"product","2":"type-product","3":"status-publish","4":"has-post-thumbnail","6":"product_cat-fruhstuck","7":"product_tag--de","9":"first","10":"outofstock","11":"taxable","12":"shipping-taxable","13":"purchasable","14":"product-type-simple"},"_links":{"self":[{"href":"https:\/\/alepposhop.eu\/de\/wp-json\/wp\/v2\/product\/25972"}],"collection":[{"href":"https:\/\/alepposhop.eu\/de\/wp-json\/wp\/v2\/product"}],"about":[{"href":"https:\/\/alepposhop.eu\/de\/wp-json\/wp\/v2\/types\/product"}],"wp:featuredmedia":[{"embeddable":true,"href":"https:\/\/alepposhop.eu\/de\/wp-json\/wp\/v2\/media\/25495"}],"wp:attachment":[{"href":"https:\/\/alepposhop.eu\/de\/wp-json\/wp\/v2\/media?parent=25972"}],"wp:term":[{"taxonomy":"product_brand","embeddable":true,"href":"https:\/\/alepposhop.eu\/de\/wp-json\/wp\/v2\/product_brand?post=25972"},{"taxonomy":"product_cat","embeddable":true,"href":"https:\/\/alepposhop.eu\/de\/wp-json\/wp\/v2\/product_cat?post=25972"},{"taxonomy":"product_tag","embeddable":true,"href":"https:\/\/alepposhop.eu\/de\/wp-json\/wp\/v2\/product_tag?post=25972"}],"curies":[{"name":"wp","href":"https:\/\/api.w.org\/{rel}","templated":true}]}}