{"id":25976,"date":"2023-06-11T22:46:51","date_gmt":"2023-06-11T21:10:25","guid":{"rendered":"https:\/\/alepposhop.eu\/oliven-mit-gruenen-paprika\/"},"modified":"2024-11-13T09:53:36","modified_gmt":"2024-11-13T08:53:36","slug":"oliven-mit-gruenen-paprika","status":"publish","type":"product","link":"https:\/\/alepposhop.eu\/de\/oliven-mit-gruenen-paprika\/","title":{"rendered":"Paprika gef\u00fcllte Oliven"},"content":{"rendered":"<h2 style=\"text-align: center\"><\/h2>\n<p style=\"text-align: center\">Gewicht: 250 g<\/p>\n<p style=\"text-align: center\">Gr\u00fcne Oliven gef\u00fcllt mit k\u00f6stlichen Paprikast\u00fccken<\/p>\n<p style=\"text-align: center\">\n","protected":false},"excerpt":{"rendered":"<p>Fr\u00fchst\u00fcck, gr\u00fcne Olive, Olive, \u00d6l, Oliven\u00f6l, Knoblauch<\/p>\n","protected":false},"featured_media":25499,"template":"","meta":[],"product_brand":[],"product_cat":[67],"product_tag":[5482,5523],"class_list":{"0":"post-25976","1":"product","2":"type-product","3":"status-publish","4":"has-post-thumbnail","6":"product_cat-fruhstuck","7":"product_tag--de","10":"first","11":"instock","12":"taxable","13":"shipping-taxable","14":"purchasable","15":"product-type-simple"},"_links":{"self":[{"href":"https:\/\/alepposhop.eu\/de\/wp-json\/wp\/v2\/product\/25976"}],"collection":[{"href":"https:\/\/alepposhop.eu\/de\/wp-json\/wp\/v2\/product"}],"about":[{"href":"https:\/\/alepposhop.eu\/de\/wp-json\/wp\/v2\/types\/product"}],"wp:featuredmedia":[{"embeddable":true,"href":"https:\/\/alepposhop.eu\/de\/wp-json\/wp\/v2\/media\/25499"}],"wp:attachment":[{"href":"https:\/\/alepposhop.eu\/de\/wp-json\/wp\/v2\/media?parent=25976"}],"wp:term":[{"taxonomy":"product_brand","embeddable":true,"href":"https:\/\/alepposhop.eu\/de\/wp-json\/wp\/v2\/product_brand?post=25976"},{"taxonomy":"product_cat","embeddable":true,"href":"https:\/\/alepposhop.eu\/de\/wp-json\/wp\/v2\/product_cat?post=25976"},{"taxonomy":"product_tag","embeddable":true,"href":"https:\/\/alepposhop.eu\/de\/wp-json\/wp\/v2\/product_tag?post=25976"}],"curies":[{"name":"wp","href":"https:\/\/api.w.org\/{rel}","templated":true}]}}