{"id":25992,"date":"2023-06-11T22:46:51","date_gmt":"2023-06-11T21:10:25","guid":{"rendered":"https:\/\/alepposhop.eu\/gruene-walnuss-jam\/"},"modified":"2026-03-19T02:45:48","modified_gmt":"2026-03-19T01:45:48","slug":"gruene-walnuss-jam","status":"publish","type":"product","link":"https:\/\/alepposhop.eu\/de\/gruene-walnuss-jam\/","title":{"rendered":"Gr\u00fcne WalnussKonfit\u00fcre"},"content":{"rendered":"<p style=\"text-align: center\">Gewicht: 250 g<\/p>\n<p style=\"text-align: center\">Mit Zimt und Nelken gew\u00fcrzte Aleppo-Walnuss-Konfit\u00fcre gilt als eine der bekanntesten Marmeladen in Syrien und der T\u00fcrkei.<\/p>\n<p style=\"text-align: center\">\n","protected":false},"excerpt":{"rendered":"<p>Waln\u00fcsse, Walnuss, Fr\u00fchst\u00fcck, S\u00fc\u00dfigkeiten, gr\u00fcne Walnuss<\/p>\n","protected":false},"featured_media":25515,"template":"","meta":[],"product_brand":[],"product_cat":[72],"product_tag":[5533,5880],"class_list":{"0":"post-25992","1":"product","2":"type-product","3":"status-publish","4":"has-post-thumbnail","6":"product_cat-orientalische-susigkeiten","7":"product_tag--de","10":"first","11":"outofstock","12":"taxable","13":"shipping-taxable","14":"purchasable","15":"product-type-simple"},"_links":{"self":[{"href":"https:\/\/alepposhop.eu\/de\/wp-json\/wp\/v2\/product\/25992"}],"collection":[{"href":"https:\/\/alepposhop.eu\/de\/wp-json\/wp\/v2\/product"}],"about":[{"href":"https:\/\/alepposhop.eu\/de\/wp-json\/wp\/v2\/types\/product"}],"wp:featuredmedia":[{"embeddable":true,"href":"https:\/\/alepposhop.eu\/de\/wp-json\/wp\/v2\/media\/25515"}],"wp:attachment":[{"href":"https:\/\/alepposhop.eu\/de\/wp-json\/wp\/v2\/media?parent=25992"}],"wp:term":[{"taxonomy":"product_brand","embeddable":true,"href":"https:\/\/alepposhop.eu\/de\/wp-json\/wp\/v2\/product_brand?post=25992"},{"taxonomy":"product_cat","embeddable":true,"href":"https:\/\/alepposhop.eu\/de\/wp-json\/wp\/v2\/product_cat?post=25992"},{"taxonomy":"product_tag","embeddable":true,"href":"https:\/\/alepposhop.eu\/de\/wp-json\/wp\/v2\/product_tag?post=25992"}],"curies":[{"name":"wp","href":"https:\/\/api.w.org\/{rel}","templated":true}]}}