{"id":25996,"date":"2023-06-11T22:46:51","date_gmt":"2023-06-11T21:10:25","guid":{"rendered":"https:\/\/alepposhop.eu\/bonbonbonbons-mit-violettem-geschmack\/"},"modified":"2023-06-11T23:10:43","modified_gmt":"2023-06-11T21:10:43","slug":"bonbonbonbons-mit-violettem-geschmack","status":"publish","type":"product","link":"https:\/\/alepposhop.eu\/de\/bonbonbonbons-mit-violettem-geschmack\/","title":{"rendered":"Bonbonbonbons mit violettem Geschmack"},"content":{"rendered":"<p style=\"text-align: center;\">K\u00f6stliche Bonbons mit einem unverwechselbaren Veilchenbl\u00fctengeschmack<\/p>\n<h2 style=\"text-align: center;\">S\u00fc\u00dfigkeiten, Bonbons, Bonbons, S\u00fc\u00dfigkeiten<\/h2>\n<h2 style=\"text-align: center;\">Bonbons und Kekse<\/h2>\n<p style=\"text-align: center;\">s\u00fc\u00dfigkeiten<\/p>\n<p style=\"text-align: center;\">Aleppo Shop<\/p>\n<p style=\"text-align: center;\">Zucker,obstgeschmack<\/p>\n<p style=\"text-align: center;\">\n","protected":false},"excerpt":{"rendered":"<p>S\u00fc\u00dfigkeiten, Bonbons, Bonbons, S\u00fc\u00dfigkeiten<\/p>\n","protected":false},"featured_media":25519,"template":"","meta":[],"product_brand":[],"product_cat":[73],"product_tag":[],"class_list":{"0":"post-25996","1":"product","2":"type-product","3":"status-publish","4":"has-post-thumbnail","6":"product_cat-bonbons-und-kekse","8":"first","9":"outofstock","10":"taxable","11":"shipping-taxable","12":"purchasable","13":"product-type-simple"},"_links":{"self":[{"href":"https:\/\/alepposhop.eu\/de\/wp-json\/wp\/v2\/product\/25996"}],"collection":[{"href":"https:\/\/alepposhop.eu\/de\/wp-json\/wp\/v2\/product"}],"about":[{"href":"https:\/\/alepposhop.eu\/de\/wp-json\/wp\/v2\/types\/product"}],"wp:featuredmedia":[{"embeddable":true,"href":"https:\/\/alepposhop.eu\/de\/wp-json\/wp\/v2\/media\/25519"}],"wp:attachment":[{"href":"https:\/\/alepposhop.eu\/de\/wp-json\/wp\/v2\/media?parent=25996"}],"wp:term":[{"taxonomy":"product_brand","embeddable":true,"href":"https:\/\/alepposhop.eu\/de\/wp-json\/wp\/v2\/product_brand?post=25996"},{"taxonomy":"product_cat","embeddable":true,"href":"https:\/\/alepposhop.eu\/de\/wp-json\/wp\/v2\/product_cat?post=25996"},{"taxonomy":"product_tag","embeddable":true,"href":"https:\/\/alepposhop.eu\/de\/wp-json\/wp\/v2\/product_tag?post=25996"}],"curies":[{"name":"wp","href":"https:\/\/api.w.org\/{rel}","templated":true}]}}