{"id":26000,"date":"2023-06-11T22:46:51","date_gmt":"2023-06-11T21:10:25","guid":{"rendered":"https:\/\/alepposhop.eu\/azan-uhr-schwarz\/"},"modified":"2023-06-11T23:10:46","modified_gmt":"2023-06-11T21:10:46","slug":"azan-uhr-schwarz","status":"publish","type":"product","link":"https:\/\/alepposhop.eu\/de\/azan-uhr-schwarz\/","title":{"rendered":"Azan uhr (Schwarz)"},"content":{"rendered":"<p style=\"text-align: center;\">Die originale Azan-Uhr aus den beiden Heiligen Moscheen, kompletter Azan f\u00fcr alle Gebete (mit Lautst\u00e4rkeregelung), Gebetszeiten f\u00fcr die meisten St\u00e4dte auf der ganzen Welt, Hijri- und Gregorianischer Kalender<\/p>\n<h2 style=\"text-align: center;\">Azan, Islam, Eid, Ramadan, Uhr, Wanduhr<\/h2>\n<h2 style=\"text-align: center;\">Islamisches<\/h2>\n<p style=\"text-align: center;\">uhr<\/p>\n<p style=\"text-align: center;\">Al- Haramin<\/p>\n<p style=\"text-align: center;\">azan Wanduhr<\/p>\n<p style=\"text-align: center;\">\n","protected":false},"excerpt":{"rendered":"<p>Azan, Islam, Eid, Ramadan, Uhr, Wanduhr<\/p>\n","protected":false},"featured_media":25523,"template":"","meta":[],"product_brand":[],"product_cat":[78],"product_tag":[],"class_list":{"0":"post-26000","1":"product","2":"type-product","3":"status-publish","4":"has-post-thumbnail","6":"product_cat-islamisches","8":"first","9":"outofstock","10":"taxable","11":"shipping-taxable","12":"purchasable","13":"product-type-simple"},"_links":{"self":[{"href":"https:\/\/alepposhop.eu\/de\/wp-json\/wp\/v2\/product\/26000"}],"collection":[{"href":"https:\/\/alepposhop.eu\/de\/wp-json\/wp\/v2\/product"}],"about":[{"href":"https:\/\/alepposhop.eu\/de\/wp-json\/wp\/v2\/types\/product"}],"wp:featuredmedia":[{"embeddable":true,"href":"https:\/\/alepposhop.eu\/de\/wp-json\/wp\/v2\/media\/25523"}],"wp:attachment":[{"href":"https:\/\/alepposhop.eu\/de\/wp-json\/wp\/v2\/media?parent=26000"}],"wp:term":[{"taxonomy":"product_brand","embeddable":true,"href":"https:\/\/alepposhop.eu\/de\/wp-json\/wp\/v2\/product_brand?post=26000"},{"taxonomy":"product_cat","embeddable":true,"href":"https:\/\/alepposhop.eu\/de\/wp-json\/wp\/v2\/product_cat?post=26000"},{"taxonomy":"product_tag","embeddable":true,"href":"https:\/\/alepposhop.eu\/de\/wp-json\/wp\/v2\/product_tag?post=26000"}],"curies":[{"name":"wp","href":"https:\/\/api.w.org\/{rel}","templated":true}]}}