{"id":26008,"date":"2023-06-11T22:46:51","date_gmt":"2023-06-11T21:10:25","guid":{"rendered":"https:\/\/alepposhop.eu\/kokosnuss-bonbons-kasmous\/"},"modified":"2024-11-05T17:49:22","modified_gmt":"2024-11-05T16:49:22","slug":"kokosnuss-bonbons-kasmous","status":"publish","type":"product","link":"https:\/\/alepposhop.eu\/de\/kokosnuss-bonbons-kasmous\/","title":{"rendered":"Kokosnuss Bonbons (Kasmous)"},"content":{"rendered":"<p style=\"text-align: center;\">Leckere Bonbons mit nat\u00fcrlichem Kokosgeschmack von der Firma Qazmouz<\/p>\n<h2 style=\"text-align: center;\">S\u00fc\u00dfigkeiten, Bonbons, Bonbons, S\u00fc\u00dfigkeiten<\/h2>\n<h2 style=\"text-align: center;\">Bonbons und Kekse<\/h2>\n<p style=\"text-align: center;\">Decke<\/p>\n<p style=\"text-align: center;\">Ksmous<\/p>\n<p style=\"text-align: center;\">kokonuss, zucker<\/p>\n<p style=\"text-align: center;\">\n","protected":false},"excerpt":{"rendered":"<p>S\u00fc\u00dfigkeiten, Bonbons, Bonbons, S\u00fc\u00dfigkeiten<\/p>\n","protected":false},"featured_media":25531,"template":"","meta":[],"product_brand":[],"product_cat":[73],"product_tag":[],"class_list":{"0":"post-26008","1":"product","2":"type-product","3":"status-publish","4":"has-post-thumbnail","6":"product_cat-bonbons-und-kekse","8":"first","9":"outofstock","10":"taxable","11":"shipping-taxable","12":"purchasable","13":"product-type-simple"},"_links":{"self":[{"href":"https:\/\/alepposhop.eu\/de\/wp-json\/wp\/v2\/product\/26008"}],"collection":[{"href":"https:\/\/alepposhop.eu\/de\/wp-json\/wp\/v2\/product"}],"about":[{"href":"https:\/\/alepposhop.eu\/de\/wp-json\/wp\/v2\/types\/product"}],"wp:featuredmedia":[{"embeddable":true,"href":"https:\/\/alepposhop.eu\/de\/wp-json\/wp\/v2\/media\/25531"}],"wp:attachment":[{"href":"https:\/\/alepposhop.eu\/de\/wp-json\/wp\/v2\/media?parent=26008"}],"wp:term":[{"taxonomy":"product_brand","embeddable":true,"href":"https:\/\/alepposhop.eu\/de\/wp-json\/wp\/v2\/product_brand?post=26008"},{"taxonomy":"product_cat","embeddable":true,"href":"https:\/\/alepposhop.eu\/de\/wp-json\/wp\/v2\/product_cat?post=26008"},{"taxonomy":"product_tag","embeddable":true,"href":"https:\/\/alepposhop.eu\/de\/wp-json\/wp\/v2\/product_tag?post=26008"}],"curies":[{"name":"wp","href":"https:\/\/api.w.org\/{rel}","templated":true}]}}