{"id":26012,"date":"2023-06-11T22:46:51","date_gmt":"2023-06-11T21:10:25","guid":{"rendered":"https:\/\/alepposhop.eu\/karamellisierte-kandierte-erdnuss\/"},"modified":"2025-01-01T21:13:07","modified_gmt":"2025-01-01T20:13:07","slug":"karamellisierte-kandierte-erdnuss","status":"publish","type":"product","link":"https:\/\/alepposhop.eu\/de\/karamellisierte-kandierte-erdnuss\/","title":{"rendered":"Karamellisierte kandierte Erdnuss"},"content":{"rendered":"<p style=\"text-align: center;\">Karamellisierte kandierte Erdn\u00fcsse sind ein k\u00f6stliches und wunderbares Dessert aus ger\u00f6steten und gekochten Erdn\u00fcssen mit Zucker und Butter. Es ist ein nahrhaftes und gesundes Dessert.<\/p>\n<h2 style=\"text-align: center;\">S\u00fc\u00dfigkeiten, Bonbons, Bonbons, S\u00fc\u00dfigkeiten<\/h2>\n<h2 style=\"text-align: center;\">Bonbons und Kekse<\/h2>\n<p style=\"text-align: center;\">s\u00fc\u00dfigkeiten<\/p>\n<p style=\"text-align: center;\">Hala<\/p>\n<p style=\"text-align: center;\">Erdnuss, zucker<\/p>\n<p style=\"text-align: center;\">\n","protected":false},"excerpt":{"rendered":"<p>S\u00fc\u00dfigkeiten, Bonbons, Bonbons, S\u00fc\u00dfigkeiten<\/p>\n","protected":false},"featured_media":25535,"template":"","meta":[],"product_brand":[],"product_cat":[73],"product_tag":[],"class_list":{"0":"post-26012","1":"product","2":"type-product","3":"status-publish","4":"has-post-thumbnail","6":"product_cat-bonbons-und-kekse","8":"first","9":"outofstock","10":"taxable","11":"shipping-taxable","12":"purchasable","13":"product-type-simple"},"_links":{"self":[{"href":"https:\/\/alepposhop.eu\/de\/wp-json\/wp\/v2\/product\/26012"}],"collection":[{"href":"https:\/\/alepposhop.eu\/de\/wp-json\/wp\/v2\/product"}],"about":[{"href":"https:\/\/alepposhop.eu\/de\/wp-json\/wp\/v2\/types\/product"}],"wp:featuredmedia":[{"embeddable":true,"href":"https:\/\/alepposhop.eu\/de\/wp-json\/wp\/v2\/media\/25535"}],"wp:attachment":[{"href":"https:\/\/alepposhop.eu\/de\/wp-json\/wp\/v2\/media?parent=26012"}],"wp:term":[{"taxonomy":"product_brand","embeddable":true,"href":"https:\/\/alepposhop.eu\/de\/wp-json\/wp\/v2\/product_brand?post=26012"},{"taxonomy":"product_cat","embeddable":true,"href":"https:\/\/alepposhop.eu\/de\/wp-json\/wp\/v2\/product_cat?post=26012"},{"taxonomy":"product_tag","embeddable":true,"href":"https:\/\/alepposhop.eu\/de\/wp-json\/wp\/v2\/product_tag?post=26012"}],"curies":[{"name":"wp","href":"https:\/\/api.w.org\/{rel}","templated":true}]}}