{"id":26024,"date":"2023-06-11T22:48:56","date_gmt":"2023-06-11T21:11:05","guid":{"rendered":"https:\/\/alepposhop.eu\/pimienta-pfeffer-zerkleinert\/"},"modified":"2024-12-17T01:42:40","modified_gmt":"2024-12-17T00:42:40","slug":"pimienta-pfeffer-zerkleinert","status":"publish","type":"product","link":"https:\/\/alepposhop.eu\/de\/pimienta-pfeffer-zerkleinert\/","title":{"rendered":"gemahlener schwarzer s\u00fc\u00dfer Pfeffer(Pimienta)"},"content":{"rendered":"<p style=\"text-align: center\">Gewicht: 100 g<\/p>\n<p style=\"text-align: center\">Schwarzer Pfeffer ist das am h\u00e4ufigsten verwendete Gew\u00fcrz der Welt. Es ist eines der am h\u00e4ufigsten zu Fleisch und Gem\u00fcse hinzugef\u00fcgten Gew\u00fcrze<\/p>\n","protected":false},"excerpt":{"rendered":"<p>Pfeffer, schwarzer Pfeffer, Gew\u00fcrze, s\u00fc\u00dfer Pfeffer<\/p>\n","protected":false},"featured_media":25547,"template":"","meta":[],"product_brand":[],"product_cat":[69],"product_tag":[],"class_list":{"0":"post-26024","1":"product","2":"type-product","3":"status-publish","4":"has-post-thumbnail","6":"product_cat-gewurze-und-wurzen","8":"first","9":"instock","10":"taxable","11":"shipping-taxable","12":"purchasable","13":"product-type-simple"},"_links":{"self":[{"href":"https:\/\/alepposhop.eu\/de\/wp-json\/wp\/v2\/product\/26024"}],"collection":[{"href":"https:\/\/alepposhop.eu\/de\/wp-json\/wp\/v2\/product"}],"about":[{"href":"https:\/\/alepposhop.eu\/de\/wp-json\/wp\/v2\/types\/product"}],"wp:featuredmedia":[{"embeddable":true,"href":"https:\/\/alepposhop.eu\/de\/wp-json\/wp\/v2\/media\/25547"}],"wp:attachment":[{"href":"https:\/\/alepposhop.eu\/de\/wp-json\/wp\/v2\/media?parent=26024"}],"wp:term":[{"taxonomy":"product_brand","embeddable":true,"href":"https:\/\/alepposhop.eu\/de\/wp-json\/wp\/v2\/product_brand?post=26024"},{"taxonomy":"product_cat","embeddable":true,"href":"https:\/\/alepposhop.eu\/de\/wp-json\/wp\/v2\/product_cat?post=26024"},{"taxonomy":"product_tag","embeddable":true,"href":"https:\/\/alepposhop.eu\/de\/wp-json\/wp\/v2\/product_tag?post=26024"}],"curies":[{"name":"wp","href":"https:\/\/api.w.org\/{rel}","templated":true}]}}