{"id":26032,"date":"2023-06-11T23:11:05","date_gmt":"2023-06-11T21:11:05","guid":{"rendered":"https:\/\/alepposhop.eu\/kalanchoe-blossfeldiana-silber\/"},"modified":"2023-06-11T23:11:20","modified_gmt":"2023-06-11T21:11:20","slug":"kalanchoe-blossfeldiana-silber","status":"publish","type":"product","link":"https:\/\/alepposhop.eu\/de\/kalanchoe-blossfeldiana-silber\/","title":{"rendered":"Kalanchoe blossfeldiana ( silber )"},"content":{"rendered":"<p style=\"text-align: center;\">Kalanchoe blossfeldiana ist eine wundersch\u00f6ne Zierpflanze, die von einigen verwendet wird, weil sie viele Vorteile f\u00fcr die Gesundheit des K\u00f6rpers bietet.<\/p>\n<h2 style=\"text-align: center;\">Kr\u00e4uter, Blumen<\/h2>\n<h2 style=\"text-align: center;\">Kr\u00e4uter und Ptisan<\/h2>\n<p style=\"text-align: center;\">Kr\u00e4uter<\/p>\n<p style=\"text-align: center;\">Aleppo Shop<\/p>\n<p style=\"text-align: center;\">Kalanchoe blossfeldiana<\/p>\n<p style=\"text-align: center;\">\n","protected":false},"excerpt":{"rendered":"<p>Kr\u00e4uter, Blumen<\/p>\n","protected":false},"featured_media":26033,"template":"","meta":[],"product_brand":[],"product_cat":[70],"product_tag":[906,3435],"class_list":{"0":"post-26032","1":"product","2":"type-product","3":"status-publish","4":"has-post-thumbnail","6":"product_cat-krauter-und-ptisan","7":"product_tag-kraeuter","8":"product_tag-blumen","10":"first","11":"instock","12":"taxable","13":"shipping-taxable","14":"purchasable","15":"product-type-simple"},"_links":{"self":[{"href":"https:\/\/alepposhop.eu\/de\/wp-json\/wp\/v2\/product\/26032"}],"collection":[{"href":"https:\/\/alepposhop.eu\/de\/wp-json\/wp\/v2\/product"}],"about":[{"href":"https:\/\/alepposhop.eu\/de\/wp-json\/wp\/v2\/types\/product"}],"wp:featuredmedia":[{"embeddable":true,"href":"https:\/\/alepposhop.eu\/de\/wp-json\/wp\/v2\/media\/26033"}],"wp:attachment":[{"href":"https:\/\/alepposhop.eu\/de\/wp-json\/wp\/v2\/media?parent=26032"}],"wp:term":[{"taxonomy":"product_brand","embeddable":true,"href":"https:\/\/alepposhop.eu\/de\/wp-json\/wp\/v2\/product_brand?post=26032"},{"taxonomy":"product_cat","embeddable":true,"href":"https:\/\/alepposhop.eu\/de\/wp-json\/wp\/v2\/product_cat?post=26032"},{"taxonomy":"product_tag","embeddable":true,"href":"https:\/\/alepposhop.eu\/de\/wp-json\/wp\/v2\/product_tag?post=26032"}],"curies":[{"name":"wp","href":"https:\/\/api.w.org\/{rel}","templated":true}]}}