{"id":26088,"date":"2023-06-11T22:49:41","date_gmt":"2023-06-11T21:11:46","guid":{"rendered":"https:\/\/alepposhop.eu\/nashed-kirschbonbons\/"},"modified":"2023-06-11T23:12:13","modified_gmt":"2023-06-11T21:12:13","slug":"nashed-kirschbonbons","status":"publish","type":"product","link":"https:\/\/alepposhop.eu\/de\/nashed-kirschbonbons\/","title":{"rendered":"Nashed-Kirschbonbons"},"content":{"rendered":"<p style=\"text-align: center;\">S\u00fc\u00dfigkeiten mit Kirschgeschmack, die von vielen geliebt werden<\/p>\n<h2 style=\"text-align: center;\">nashed, S\u00fc\u00dfigkeiten, Bonbons, Bonbons, S\u00fc\u00dfigkeiten, Cola<\/h2>\n<h2 style=\"text-align: center;\">Bonbons und Kekse<\/h2>\n<p style=\"text-align: center;\">s\u00fc\u00dfigkeiten<\/p>\n<p style=\"text-align: center;\">Nashed<\/p>\n<p style=\"text-align: center;\">Kirschegeschmack,zucker<\/p>\n<p style=\"text-align: center;\">\n","protected":false},"excerpt":{"rendered":"<p>nashed, S\u00fc\u00dfigkeiten, Bonbons, Bonbons, S\u00fc\u00dfigkeiten, Cola<\/p>\n","protected":false},"featured_media":25611,"template":"","meta":[],"product_brand":[],"product_cat":[73],"product_tag":[],"class_list":{"0":"post-26088","1":"product","2":"type-product","3":"status-publish","4":"has-post-thumbnail","6":"product_cat-bonbons-und-kekse","8":"first","9":"outofstock","10":"taxable","11":"shipping-taxable","12":"purchasable","13":"product-type-simple"},"_links":{"self":[{"href":"https:\/\/alepposhop.eu\/de\/wp-json\/wp\/v2\/product\/26088"}],"collection":[{"href":"https:\/\/alepposhop.eu\/de\/wp-json\/wp\/v2\/product"}],"about":[{"href":"https:\/\/alepposhop.eu\/de\/wp-json\/wp\/v2\/types\/product"}],"wp:featuredmedia":[{"embeddable":true,"href":"https:\/\/alepposhop.eu\/de\/wp-json\/wp\/v2\/media\/25611"}],"wp:attachment":[{"href":"https:\/\/alepposhop.eu\/de\/wp-json\/wp\/v2\/media?parent=26088"}],"wp:term":[{"taxonomy":"product_brand","embeddable":true,"href":"https:\/\/alepposhop.eu\/de\/wp-json\/wp\/v2\/product_brand?post=26088"},{"taxonomy":"product_cat","embeddable":true,"href":"https:\/\/alepposhop.eu\/de\/wp-json\/wp\/v2\/product_cat?post=26088"},{"taxonomy":"product_tag","embeddable":true,"href":"https:\/\/alepposhop.eu\/de\/wp-json\/wp\/v2\/product_tag?post=26088"}],"curies":[{"name":"wp","href":"https:\/\/api.w.org\/{rel}","templated":true}]}}