{"id":26096,"date":"2023-06-11T22:50:16","date_gmt":"2023-06-11T21:12:21","guid":{"rendered":"https:\/\/alepposhop.eu\/brevana-erdbeerbonbons\/"},"modified":"2023-06-11T23:12:21","modified_gmt":"2023-06-11T21:12:21","slug":"brevana-erdbeerbonbons","status":"publish","type":"product","link":"https:\/\/alepposhop.eu\/de\/brevana-erdbeerbonbons\/","title":{"rendered":"Brevana Erdbeerbonbons"},"content":{"rendered":"<p style=\"text-align: center;\">Bonbons mit unverwechselbarem Erdbeergeschmack der Marke Brevana<\/p>\n<h2 style=\"text-align: center;\">,S\u00fc\u00dfigkeiten, Bonbons, Bonbons, S\u00fc\u00dfigkeiten, Erdbeere<\/h2>\n<h2 style=\"text-align: center;\">Bonbons und Kekse<\/h2>\n<p style=\"text-align: center;\">s\u00fc\u00dfigkeiten<\/p>\n<p style=\"text-align: center;\">Al-salam<\/p>\n<p style=\"text-align: center;\">zucker, erdbeeregeschmack<\/p>\n<p style=\"text-align: center;\">\n","protected":false},"excerpt":{"rendered":"<p>,S\u00fc\u00dfigkeiten, Bonbons, Bonbons, S\u00fc\u00dfigkeiten, Erdbeere<\/p>\n","protected":false},"featured_media":25619,"template":"","meta":[],"product_brand":[],"product_cat":[73],"product_tag":[],"class_list":{"0":"post-26096","1":"product","2":"type-product","3":"status-publish","4":"has-post-thumbnail","6":"product_cat-bonbons-und-kekse","8":"first","9":"outofstock","10":"taxable","11":"shipping-taxable","12":"purchasable","13":"product-type-simple"},"_links":{"self":[{"href":"https:\/\/alepposhop.eu\/de\/wp-json\/wp\/v2\/product\/26096"}],"collection":[{"href":"https:\/\/alepposhop.eu\/de\/wp-json\/wp\/v2\/product"}],"about":[{"href":"https:\/\/alepposhop.eu\/de\/wp-json\/wp\/v2\/types\/product"}],"wp:featuredmedia":[{"embeddable":true,"href":"https:\/\/alepposhop.eu\/de\/wp-json\/wp\/v2\/media\/25619"}],"wp:attachment":[{"href":"https:\/\/alepposhop.eu\/de\/wp-json\/wp\/v2\/media?parent=26096"}],"wp:term":[{"taxonomy":"product_brand","embeddable":true,"href":"https:\/\/alepposhop.eu\/de\/wp-json\/wp\/v2\/product_brand?post=26096"},{"taxonomy":"product_cat","embeddable":true,"href":"https:\/\/alepposhop.eu\/de\/wp-json\/wp\/v2\/product_cat?post=26096"},{"taxonomy":"product_tag","embeddable":true,"href":"https:\/\/alepposhop.eu\/de\/wp-json\/wp\/v2\/product_tag?post=26096"}],"curies":[{"name":"wp","href":"https:\/\/api.w.org\/{rel}","templated":true}]}}