{"id":26100,"date":"2023-06-11T22:50:16","date_gmt":"2023-06-11T21:12:21","guid":{"rendered":"https:\/\/alepposhop.eu\/durra-spaghetti-nudeln-300-g\/"},"modified":"2023-06-11T23:12:24","modified_gmt":"2023-06-11T21:12:24","slug":"durra-spaghetti-nudeln-300-g","status":"publish","type":"product","link":"https:\/\/alepposhop.eu\/de\/durra-spaghetti-nudeln-300-g\/","title":{"rendered":"Durra-Spaghetti-Nudeln 300 g"},"content":{"rendered":"<p style=\"text-align: center;\">Makkaroni oder Nudeln geh\u00f6ren zu den trockenen, hohlen Geb\u00e4cken, auch zylindrischen, die aus Hartweizen hergestellt und in Wasser oder Br\u00fche gekocht werden.<\/p>\n<h2 style=\"text-align: center;\">pasta, durra , spaghetti , makaroni, makarona,<\/h2>\n<h2 style=\"text-align: center;\">Konserven<\/h2>\n<p style=\"text-align: center;\">pasta<\/p>\n<p style=\"text-align: center;\">Durra<\/p>\n<p style=\"text-align: center;\">mehl,salz,eigelb<\/p>\n<p style=\"text-align: center;\">\n","protected":false},"excerpt":{"rendered":"<p>pasta, durra , spaghetti , makaroni, makarona,<\/p>\n","protected":false},"featured_media":25623,"template":"","meta":[],"product_brand":[],"product_cat":[2355],"product_tag":[5526],"class_list":{"0":"post-26100","1":"product","2":"type-product","3":"status-publish","4":"has-post-thumbnail","6":"product_cat-konserven","7":"product_tag--de","9":"first","10":"outofstock","11":"taxable","12":"shipping-taxable","13":"purchasable","14":"product-type-simple"},"_links":{"self":[{"href":"https:\/\/alepposhop.eu\/de\/wp-json\/wp\/v2\/product\/26100"}],"collection":[{"href":"https:\/\/alepposhop.eu\/de\/wp-json\/wp\/v2\/product"}],"about":[{"href":"https:\/\/alepposhop.eu\/de\/wp-json\/wp\/v2\/types\/product"}],"wp:featuredmedia":[{"embeddable":true,"href":"https:\/\/alepposhop.eu\/de\/wp-json\/wp\/v2\/media\/25623"}],"wp:attachment":[{"href":"https:\/\/alepposhop.eu\/de\/wp-json\/wp\/v2\/media?parent=26100"}],"wp:term":[{"taxonomy":"product_brand","embeddable":true,"href":"https:\/\/alepposhop.eu\/de\/wp-json\/wp\/v2\/product_brand?post=26100"},{"taxonomy":"product_cat","embeddable":true,"href":"https:\/\/alepposhop.eu\/de\/wp-json\/wp\/v2\/product_cat?post=26100"},{"taxonomy":"product_tag","embeddable":true,"href":"https:\/\/alepposhop.eu\/de\/wp-json\/wp\/v2\/product_tag?post=26100"}],"curies":[{"name":"wp","href":"https:\/\/api.w.org\/{rel}","templated":true}]}}