{"id":26104,"date":"2023-06-11T22:50:16","date_gmt":"2023-06-11T21:12:21","guid":{"rendered":"https:\/\/alepposhop.eu\/durra-penne-pasta-300-g\/"},"modified":"2025-02-13T21:49:21","modified_gmt":"2025-02-13T20:49:21","slug":"durra-penne-pasta-300-g","status":"publish","type":"product","link":"https:\/\/alepposhop.eu\/de\/durra-penne-pasta-300-g\/","title":{"rendered":"Durra penne Pasta 300 g"},"content":{"rendered":"<p style=\"text-align: center\">Makkaroni oder Nudeln geh\u00f6ren zu den trockenen, hohlen Geb\u00e4cken, auch zylindrischen, die aus Hartweizen hergestellt und in Wasser oder Br\u00fche gekocht werden.<\/p>\n<p style=\"text-align: center\">\n<p style=\"text-align: center\">\n","protected":false},"excerpt":{"rendered":"<p>pasta, durra , spaghetti , makaroni, makarona,<\/p>\n","protected":false},"featured_media":25627,"template":"","meta":[],"product_brand":[],"product_cat":[2355],"product_tag":[5526],"class_list":{"0":"post-26104","1":"product","2":"type-product","3":"status-publish","4":"has-post-thumbnail","6":"product_cat-konserven","7":"product_tag--de","9":"first","10":"outofstock","11":"taxable","12":"shipping-taxable","13":"purchasable","14":"product-type-simple"},"_links":{"self":[{"href":"https:\/\/alepposhop.eu\/de\/wp-json\/wp\/v2\/product\/26104"}],"collection":[{"href":"https:\/\/alepposhop.eu\/de\/wp-json\/wp\/v2\/product"}],"about":[{"href":"https:\/\/alepposhop.eu\/de\/wp-json\/wp\/v2\/types\/product"}],"wp:featuredmedia":[{"embeddable":true,"href":"https:\/\/alepposhop.eu\/de\/wp-json\/wp\/v2\/media\/25627"}],"wp:attachment":[{"href":"https:\/\/alepposhop.eu\/de\/wp-json\/wp\/v2\/media?parent=26104"}],"wp:term":[{"taxonomy":"product_brand","embeddable":true,"href":"https:\/\/alepposhop.eu\/de\/wp-json\/wp\/v2\/product_brand?post=26104"},{"taxonomy":"product_cat","embeddable":true,"href":"https:\/\/alepposhop.eu\/de\/wp-json\/wp\/v2\/product_cat?post=26104"},{"taxonomy":"product_tag","embeddable":true,"href":"https:\/\/alepposhop.eu\/de\/wp-json\/wp\/v2\/product_tag?post=26104"}],"curies":[{"name":"wp","href":"https:\/\/api.w.org\/{rel}","templated":true}]}}