{"id":26128,"date":"2023-06-11T22:50:16","date_gmt":"2023-06-11T21:12:21","guid":{"rendered":"https:\/\/alepposhop.eu\/lebensmittelfarbe-orange\/"},"modified":"2025-02-13T22:04:24","modified_gmt":"2025-02-13T21:04:24","slug":"lebensmittelfarbe-orange","status":"publish","type":"product","link":"https:\/\/alepposhop.eu\/de\/lebensmittelfarbe-orange\/","title":{"rendered":"Lebensmittelfarbe Orange"},"content":{"rendered":"<p style=\"text-align: center\">Mit Lebensmittelfarben werden verschiedene Arten von S\u00fc\u00dfigkeiten, Backwaren und anderen Lebensmitteln eingef\u00e4rbt, um sie attraktiver zu machen<\/p>\n<p style=\"text-align: center\">\n","protected":false},"excerpt":{"rendered":"<p>S\u00fc\u00dfigkeiten, Farbe, Lebensmittelfarbe, Kuchen, Kuchen<\/p>\n","protected":false},"featured_media":25651,"template":"","meta":[],"product_brand":[],"product_cat":[2355],"product_tag":[3500],"class_list":{"0":"post-26128","1":"product","2":"type-product","3":"status-publish","4":"has-post-thumbnail","6":"product_cat-konserven","7":"product_tag-harisa-de","9":"first","10":"instock","11":"taxable","12":"shipping-taxable","13":"purchasable","14":"product-type-simple"},"_links":{"self":[{"href":"https:\/\/alepposhop.eu\/de\/wp-json\/wp\/v2\/product\/26128"}],"collection":[{"href":"https:\/\/alepposhop.eu\/de\/wp-json\/wp\/v2\/product"}],"about":[{"href":"https:\/\/alepposhop.eu\/de\/wp-json\/wp\/v2\/types\/product"}],"wp:featuredmedia":[{"embeddable":true,"href":"https:\/\/alepposhop.eu\/de\/wp-json\/wp\/v2\/media\/25651"}],"wp:attachment":[{"href":"https:\/\/alepposhop.eu\/de\/wp-json\/wp\/v2\/media?parent=26128"}],"wp:term":[{"taxonomy":"product_brand","embeddable":true,"href":"https:\/\/alepposhop.eu\/de\/wp-json\/wp\/v2\/product_brand?post=26128"},{"taxonomy":"product_cat","embeddable":true,"href":"https:\/\/alepposhop.eu\/de\/wp-json\/wp\/v2\/product_cat?post=26128"},{"taxonomy":"product_tag","embeddable":true,"href":"https:\/\/alepposhop.eu\/de\/wp-json\/wp\/v2\/product_tag?post=26128"}],"curies":[{"name":"wp","href":"https:\/\/api.w.org\/{rel}","templated":true}]}}