{"id":26156,"date":"2023-06-11T22:51:00","date_gmt":"2023-06-11T21:13:00","guid":{"rendered":"https:\/\/alepposhop.eu\/winner-suessmaischips-4-stueck\/"},"modified":"2023-11-06T00:00:04","modified_gmt":"2023-11-05T23:00:04","slug":"winner-suessmaischips-4-stueck","status":"publish","type":"product","link":"https:\/\/alepposhop.eu\/de\/winner-suessmaischips-4-stueck\/","title":{"rendered":"winner s\u00fc\u00dfmaischips ( 4 st\u00fcck )"},"content":{"rendered":"<p style=\"text-align: center;\">Maismehlchips mit unverwechselbarem s\u00fc\u00dfmaisgeschmack<\/p>\n<h2 style=\"text-align: center;\">Chips, Snacks, Gewinner, Pizza, Maischips, Mais<\/h2>\n<h2 style=\"text-align: center;\">Bonbons und Kekse<\/h2>\n<p style=\"text-align: center;\">Chips<\/p>\n<p style=\"text-align: center;\">Cips Bey<\/p>\n<p style=\"text-align: center;\">maismehl,salz,s\u00fc\u00dfmaisgeschmack<\/p>\n<p style=\"text-align: center;\">\n","protected":false},"excerpt":{"rendered":"<p>Chips, Snacks, Gewinner, Pizza, Maischips, Mais<\/p>\n","protected":false},"featured_media":25679,"template":"","meta":[],"product_brand":[],"product_cat":[73],"product_tag":[],"class_list":{"0":"post-26156","1":"product","2":"type-product","3":"status-publish","4":"has-post-thumbnail","6":"product_cat-bonbons-und-kekse","8":"first","9":"outofstock","10":"taxable","11":"shipping-taxable","12":"purchasable","13":"product-type-simple"},"_links":{"self":[{"href":"https:\/\/alepposhop.eu\/de\/wp-json\/wp\/v2\/product\/26156"}],"collection":[{"href":"https:\/\/alepposhop.eu\/de\/wp-json\/wp\/v2\/product"}],"about":[{"href":"https:\/\/alepposhop.eu\/de\/wp-json\/wp\/v2\/types\/product"}],"wp:featuredmedia":[{"embeddable":true,"href":"https:\/\/alepposhop.eu\/de\/wp-json\/wp\/v2\/media\/25679"}],"wp:attachment":[{"href":"https:\/\/alepposhop.eu\/de\/wp-json\/wp\/v2\/media?parent=26156"}],"wp:term":[{"taxonomy":"product_brand","embeddable":true,"href":"https:\/\/alepposhop.eu\/de\/wp-json\/wp\/v2\/product_brand?post=26156"},{"taxonomy":"product_cat","embeddable":true,"href":"https:\/\/alepposhop.eu\/de\/wp-json\/wp\/v2\/product_cat?post=26156"},{"taxonomy":"product_tag","embeddable":true,"href":"https:\/\/alepposhop.eu\/de\/wp-json\/wp\/v2\/product_tag?post=26156"}],"curies":[{"name":"wp","href":"https:\/\/api.w.org\/{rel}","templated":true}]}}