{"id":29435,"date":"2024-02-07T00:22:17","date_gmt":"2024-02-06T23:22:17","guid":{"rendered":"https:\/\/alepposhop.eu\/%d9%85%d9%83%d8%af%d9%88%d8%b3-2\/"},"modified":"2024-11-13T09:15:16","modified_gmt":"2024-11-13T08:15:16","slug":"%d9%85%d9%83%d8%af%d9%88%d8%b3-2","status":"publish","type":"product","link":"https:\/\/alepposhop.eu\/de\/%d9%85%d9%83%d8%af%d9%88%d8%b3-2\/","title":{"rendered":"Makdous 1 kg"},"content":{"rendered":"<p style=\"text-align: center\">\u00a0 Gewicht : 1000 gr<\/p>\n<p style=\"text-align: center\">Kleine Auberginen werden gekocht, das Wasser abgelassen, dann mit einer Mischung aus Waln\u00fcssen, Paprika und Knoblauch gef\u00fcllt und in Oliven\u00f6l getaucht.<\/p>\n<p style=\"text-align: center\">hausgemacht<\/p>\n","protected":false},"excerpt":{"rendered":"<p>Waln\u00fcsse, Auberginen, Waln\u00fcsse, Aleppo-Makdous, syrisches Makdous, syrisches Fr\u00fchst\u00fcck, Aleppo-Fr\u00fchst\u00fcck.<\/p>\n","protected":false},"featured_media":6183,"template":"","meta":[],"product_brand":[],"product_cat":[67],"product_tag":[3502,5482,5497,5525,5526,5533,5534,5535,5536,5537],"class_list":{"0":"post-29435","1":"product","2":"type-product","3":"status-publish","4":"has-post-thumbnail","6":"product_cat-fruhstuck","7":"product_tag-offers-de","8":"product_tag--de","13":"product_tag---de","18":"first","19":"instock","20":"taxable","21":"shipping-taxable","22":"purchasable","23":"product-type-simple"},"_links":{"self":[{"href":"https:\/\/alepposhop.eu\/de\/wp-json\/wp\/v2\/product\/29435"}],"collection":[{"href":"https:\/\/alepposhop.eu\/de\/wp-json\/wp\/v2\/product"}],"about":[{"href":"https:\/\/alepposhop.eu\/de\/wp-json\/wp\/v2\/types\/product"}],"wp:featuredmedia":[{"embeddable":true,"href":"https:\/\/alepposhop.eu\/de\/wp-json\/wp\/v2\/media\/6183"}],"wp:attachment":[{"href":"https:\/\/alepposhop.eu\/de\/wp-json\/wp\/v2\/media?parent=29435"}],"wp:term":[{"taxonomy":"product_brand","embeddable":true,"href":"https:\/\/alepposhop.eu\/de\/wp-json\/wp\/v2\/product_brand?post=29435"},{"taxonomy":"product_cat","embeddable":true,"href":"https:\/\/alepposhop.eu\/de\/wp-json\/wp\/v2\/product_cat?post=29435"},{"taxonomy":"product_tag","embeddable":true,"href":"https:\/\/alepposhop.eu\/de\/wp-json\/wp\/v2\/product_tag?post=29435"}],"curies":[{"name":"wp","href":"https:\/\/api.w.org\/{rel}","templated":true}]}}